{"id":3886,"date":"2022-04-08T11:23:59","date_gmt":"2022-04-08T09:23:59","guid":{"rendered":"https:\/\/ateq-emobility.com\/formation\/"},"modified":"2024-05-14T09:13:42","modified_gmt":"2024-05-14T07:13:42","slug":"formation","status":"publish","type":"page","link":"https:\/\/ateq-emobility.com\/fr\/formation\/","title":{"rendered":"Formation"},"content":{"rendered":"<p><div class=\"fusion-fullwidth fullwidth-box fusion-builder-row-1 nonhundred-percent-fullwidth non-hundred-percent-height-scrolling\" style=\"--awb-border-radius-top-left:0px;--awb-border-radius-top-right:0px;--awb-border-radius-bottom-right:0px;--awb-border-radius-bottom-left:0px;--awb-margin-top:40px;--awb-flex-wrap:wrap;\" ><div class=\"fusion-builder-row fusion-row\"><div class=\"fusion-layout-column fusion_builder_column fusion-builder-column-0 fusion_builder_column_1_2 1_2 fusion-one-half fusion-column-first\" style=\"--awb-bg-size:cover;width:50%;width:calc(50% - ( ( 4% ) * 0.5 ) );margin-right: 4%;\"><div class=\"fusion-column-wrapper fusion-flex-column-wrapper-legacy\"><div class=\"fusion-image-element fusion-image-align-center in-legacy-container\" style=\"text-align:center;--awb-caption-title-font-family:var(--h2_typography-font-family);--awb-caption-title-font-weight:var(--h2_typography-font-weight);--awb-caption-title-font-style:var(--h2_typography-font-style);--awb-caption-title-size:var(--h2_typography-font-size);--awb-caption-title-transform:var(--h2_typography-text-transform);--awb-caption-title-line-height:var(--h2_typography-line-height);--awb-caption-title-letter-spacing:var(--h2_typography-letter-spacing);\"><div class=\"imageframe-align-center\"><span class=\" fusion-imageframe imageframe-none imageframe-1 hover-type-none\"><img decoding=\"async\" width=\"1000\" height=\"642\" alt=\"training-ateq e-mobility\" title=\"formation-ateq\" src=\"https:\/\/ateq-emobility.com\/wp-content\/uploads\/2022\/04\/formation-img.jpg\" class=\"img-responsive wp-image-2788\" srcset=\"https:\/\/ateq-emobility.com\/wp-content\/uploads\/2022\/04\/formation-img-200x128.jpg 200w, https:\/\/ateq-emobility.com\/wp-content\/uploads\/2022\/04\/formation-img-400x257.jpg 400w, https:\/\/ateq-emobility.com\/wp-content\/uploads\/2022\/04\/formation-img-600x385.jpg 600w, https:\/\/ateq-emobility.com\/wp-content\/uploads\/2022\/04\/formation-img-800x514.jpg 800w, https:\/\/ateq-emobility.com\/wp-content\/uploads\/2022\/04\/formation-img.jpg 1000w\" sizes=\"(max-width: 800px) 100vw, 600px\" \/><\/span><\/div><\/div><div class=\"fusion-clearfix\"><\/div><\/div><\/div><div class=\"fusion-layout-column fusion_builder_column fusion-builder-column-1 fusion_builder_column_1_2 1_2 fusion-one-half fusion-column-last\" style=\"--awb-bg-size:cover;width:50%;width:calc(50% - ( ( 4% ) * 0.5 ) );\"><div class=\"fusion-column-wrapper fusion-flex-column-wrapper-legacy\"><div class=\"fusion-sep-clear\"><\/div><div class=\"fusion-separator fusion-clearfix title-separator\" style=\"float:left;width:100%;max-width:4%;\"><div class=\"fusion-separator-border sep-single sep-solid\" style=\"--awb-height:20px;--awb-amount:20px;--awb-sep-color:#ce003d;border-color:#ce003d;border-top-width:3px;\"><\/div><\/div><div class=\"fusion-sep-clear\"><\/div><div class=\"fusion-title title fusion-title-1 fusion-sep-none fusion-title-text fusion-title-size-one\" style=\"--awb-margin-top-small:0px;--awb-margin-right-small:0px;--awb-margin-bottom-small:20px;--awb-margin-left-small:0px;\"><h1 class=\"fusion-title-heading title-heading-left\" style=\"margin:0;\"><strong>FORMATION<\/strong><\/h1><\/div><div class=\"fusion-text fusion-text-1\"><p>ATEQ propose des cours de formation complets pour le personnel de maintenance et d&rsquo;ing\u00e9nierie.<\/p>\n<p>En effet, nous avons remarqu\u00e9 que nos clients ont toujours un \u00ab\u00a0sp\u00e9cialiste des tests d&rsquo;\u00e9tanch\u00e9it\u00e9\u00a0\u00bb. Quelqu&rsquo;un qui \u00ab\u00a0sait\u00a0\u00bb depuis des ann\u00e9es comment programmer les testeurs de fuites et qui est toujours appel\u00e9 lorsque \u00ab\u00a0quelque chose se passe\u00a0\u00bb.<\/p>\n<p>Ce \u00ab\u00a0quelqu&rsquo;un\u00a0\u00bb a pu changer de travail plusieurs fois depuis le premier achat du testeur de fuites, mais il reste le \u00ab\u00a0gars des tests de fuites\u00a0\u00bb.<br \/>\nEt bien s\u00fbr, lorsqu&rsquo;il part, ses connaissances l&rsquo;accompagnent.<\/p>\n<p>La plupart des gens restent r\u00e9ticents \u00e0 l&rsquo;id\u00e9e de \u00ab\u00a0plonger\u00a0\u00bb dans les manuels. Mais les testeurs de fuites bien entretenus et programm\u00e9s peuvent fonctionner pendant des ann\u00e9es sans aucun probl\u00e8me.<\/p>\n<\/div><div class=\"fusion-clearfix\"><\/div><\/div><\/div><div class=\"fusion-layout-column fusion_builder_column fusion-builder-column-2 fusion_builder_column_1_1 1_1 fusion-one-full fusion-column-first fusion-column-last\" style=\"--awb-padding-top:20px;--awb-padding-bottom:20px;--awb-bg-size:cover;\"><div class=\"fusion-column-wrapper fusion-column-has-shadow fusion-flex-column-wrapper-legacy\"><div class=\"fusion-text fusion-text-2\"><p>Chez ATEQ, nous pensons que nous devons \u00eatre pr\u00eats, partout dans le monde, \u00e0 offrir des cours de formation abordables aussi souvent que possible. Sur place ou dans nos locaux, nos sessions de formation sont con\u00e7ues pour que les participants repartent avec le plus haut niveau possible de connaissances sur la mani\u00e8re de tirer le meilleur parti de leurs appareils.<\/p>\n<p>Et encore une fois, en plus de notre technologie avanc\u00e9e, cela a prouv\u00e9 \u00e0 maintes reprises que l&rsquo;\u00e9cart entre nous et nos concurrents s&rsquo;est creus\u00e9.<\/p>\n<p>Appelez donc votre ing\u00e9nieur ATEQ pour organiser la formation de votre personnel.<\/p>\n<\/div><div class=\"fusion-clearfix\"><\/div><\/div><\/div><\/div><\/div><div class=\"fusion-fullwidth fullwidth-box fusion-builder-row-2 fusion-flex-container has-pattern-background has-mask-background nonhundred-percent-fullwidth non-hundred-percent-height-scrolling\" style=\"--awb-border-radius-top-left:0px;--awb-border-radius-top-right:0px;--awb-border-radius-bottom-right:0px;--awb-border-radius-bottom-left:0px;--awb-padding-top:30px;--awb-background-color:var(--awb-color7);--awb-flex-wrap:wrap;\" ><div class=\"fusion-builder-row fusion-row fusion-flex-align-items-flex-start fusion-flex-content-wrap\" style=\"max-width:1289.6px;margin-left: calc(-4% \/ 2 );margin-right: calc(-4% \/ 2 );\"><div class=\"fusion-layout-column fusion_builder_column fusion-builder-column-3 fusion_builder_column_2_3 2_3 fusion-flex-column\" style=\"--awb-bg-size:cover;--awb-width-large:66.666666666667%;--awb-margin-top-large:0px;--awb-spacing-right-large:2.88%;--awb-margin-bottom-large:20px;--awb-spacing-left-large:2.88%;--awb-width-medium:100%;--awb-order-medium:0;--awb-spacing-right-medium:1.92%;--awb-spacing-left-medium:1.92%;--awb-width-small:100%;--awb-order-small:0;--awb-spacing-right-small:1.92%;--awb-spacing-left-small:1.92%;\"><div class=\"fusion-column-wrapper fusion-column-has-shadow fusion-flex-justify-content-flex-start fusion-content-layout-column\"><div class=\"fusion-text fusion-text-3\" style=\"--awb-text-color:var(--awb-color1);--awb-margin-top:10px;\"><p style=\"text-align: center;\"><strong>Contact ATEQ for sales information, general questions or marketing inquiries.<\/strong><\/p>\n<\/div><\/div><\/div><div class=\"fusion-layout-column fusion_builder_column fusion-builder-column-4 fusion_builder_column_1_3 1_3 fusion-flex-column\" style=\"--awb-bg-size:cover;--awb-width-large:33.333333333333%;--awb-margin-top-large:0px;--awb-spacing-right-large:5.76%;--awb-margin-bottom-large:20px;--awb-spacing-left-large:5.76%;--awb-width-medium:100%;--awb-order-medium:0;--awb-spacing-right-medium:1.92%;--awb-spacing-left-medium:1.92%;--awb-width-small:100%;--awb-order-small:0;--awb-spacing-right-small:1.92%;--awb-spacing-left-small:1.92%;\"><div class=\"fusion-column-wrapper fusion-column-has-shadow fusion-flex-justify-content-flex-start fusion-content-layout-column\"><div style=\"text-align:center;\"><a class=\"fusion-button button-flat fusion-button-default-size button-custom fusion-button-default button-1 fusion-button-default-span fusion-button-default-type\" style=\"--button_accent_color:var(--awb-color7);--button_accent_hover_color:#ffffff;--button_border_hover_color:#000000;--button_gradient_top_color:var(--awb-color1);--button_gradient_bottom_color:var(--awb-color1);--button_gradient_top_color_hover:#ce003d;--button_gradient_bottom_color_hover:#ce003d;\" target=\"_self\" href=\"\/contact\/\"><span class=\"fusion-button-text awb-button__text awb-button__text--default\">CONTACT US<\/span><\/a><\/div><\/div><\/div><\/div><\/div>\n<\/p>\n","protected":false},"excerpt":{"rendered":"","protected":false},"author":1,"featured_media":0,"parent":0,"menu_order":0,"comment_status":"closed","ping_status":"closed","template":"","meta":{"content-type":"","footnotes":""},"class_list":["post-3886","page","type-page","status-publish","hentry"],"_links":{"self":[{"href":"https:\/\/ateq-emobility.com\/fr\/wp-json\/wp\/v2\/pages\/3886","targetHints":{"allow":["GET"]}}],"collection":[{"href":"https:\/\/ateq-emobility.com\/fr\/wp-json\/wp\/v2\/pages"}],"about":[{"href":"https:\/\/ateq-emobility.com\/fr\/wp-json\/wp\/v2\/types\/page"}],"author":[{"embeddable":true,"href":"https:\/\/ateq-emobility.com\/fr\/wp-json\/wp\/v2\/users\/1"}],"replies":[{"embeddable":true,"href":"https:\/\/ateq-emobility.com\/fr\/wp-json\/wp\/v2\/comments?post=3886"}],"version-history":[{"count":5,"href":"https:\/\/ateq-emobility.com\/fr\/wp-json\/wp\/v2\/pages\/3886\/revisions"}],"predecessor-version":[{"id":3891,"href":"https:\/\/ateq-emobility.com\/fr\/wp-json\/wp\/v2\/pages\/3886\/revisions\/3891"}],"wp:attachment":[{"href":"https:\/\/ateq-emobility.com\/fr\/wp-json\/wp\/v2\/media?parent=3886"}],"curies":[{"name":"wp","href":"https:\/\/api.w.org\/{rel}","templated":true}]}}