{"id":3868,"date":"2022-04-08T11:21:57","date_gmt":"2022-04-08T09:21:57","guid":{"rendered":"https:\/\/ateq-emobility.com\/services\/"},"modified":"2025-09-01T10:56:21","modified_gmt":"2025-09-01T08:56:21","slug":"services","status":"publish","type":"page","link":"https:\/\/ateq-emobility.com\/fr\/services\/","title":{"rendered":"Services"},"content":{"rendered":"<p><div class=\"fusion-fullwidth fullwidth-box fusion-builder-row-1 nonhundred-percent-fullwidth non-hundred-percent-height-scrolling\" style=\"--awb-border-radius-top-left:0px;--awb-border-radius-top-right:0px;--awb-border-radius-bottom-right:0px;--awb-border-radius-bottom-left:0px;--awb-margin-bottom:20px;--awb-flex-wrap:wrap;\" ><div class=\"fusion-builder-row fusion-row\"><div class=\"fusion-layout-column fusion_builder_column fusion-builder-column-0 fusion_builder_column_1_1 1_1 fusion-one-full fusion-column-first fusion-column-last fusion-column-no-min-height\" style=\"--awb-bg-size:cover;\"><div class=\"fusion-column-wrapper fusion-column-has-shadow fusion-flex-column-wrapper-legacy\"><div class=\"fusion-sep-clear\"><\/div><div class=\"fusion-separator fusion-clearfix title-separator\" style=\"float:left;margin-top:0px;margin-bottom:0px;width:100%;max-width:4%;\"><div class=\"fusion-separator-border sep-single sep-solid\" style=\"--awb-height:20px;--awb-amount:20px;--awb-sep-color:#ce003d;border-color:#ce003d;border-top-width:3px;\"><\/div><\/div><div class=\"fusion-sep-clear\"><\/div><div class=\"fusion-title title fusion-title-1 fusion-sep-none fusion-title-text fusion-title-size-one\" style=\"--awb-margin-bottom:0px;--awb-margin-top-small:0px;--awb-margin-right-small:0px;--awb-margin-bottom-small:20px;--awb-margin-left-small:0px;--awb-font-size:35px;\"><h1 class=\"fusion-title-heading title-heading-left\" style=\"margin:0;font-size:1em;\"><h1><strong>NOS <span style=\"color: #d31e48;\">SERVICES<\/span><\/strong><\/h1><\/h1><\/div><div class=\"fusion-text fusion-text-1\" style=\"--awb-margin-top:0px;\"><div>ATEQ propose des r\u00e9parations, des \u00e9talonnages et une maintenance pr\u00e9ventive de tests d\u2019\u00e9tanch\u00e9it\u00e9 et de d\u00e9bit dans le monde entier.<\/div>\n<div>Pour le support et le service, veuillez utiliser notre<strong><a href=\"https:\/\/ateq-emobility.com\/fr\/contact\/\">carte des emplacements ATEQ<\/a><\/strong> pour trouver un emplacement pr\u00e8s de chez vous.<\/div>\n<div><\/div>\n<div><\/div>\n<\/div><div class=\"fusion-clearfix\"><\/div><\/div><\/div><\/div><\/div><div class=\"fusion-fullwidth fullwidth-box fusion-builder-row-2 fusion-flex-container nonhundred-percent-fullwidth non-hundred-percent-height-scrolling\" style=\"--awb-border-radius-top-left:0px;--awb-border-radius-top-right:0px;--awb-border-radius-bottom-right:0px;--awb-border-radius-bottom-left:0px;--awb-margin-bottom:40px;--awb-flex-wrap:wrap;\" ><div class=\"fusion-builder-row fusion-row fusion-flex-align-items-flex-start fusion-flex-content-wrap\" style=\"max-width:1289.6px;margin-left: calc(-4% \/ 2 );margin-right: calc(-4% \/ 2 );\"><div class=\"fusion-layout-column fusion_builder_column fusion-builder-column-1 fusion_builder_column_1_3 1_3 fusion-flex-column\" style=\"--awb-bg-size:cover;--awb-border-color:#eeeeeeee;--awb-border-top:0;--awb-border-right:0;--awb-border-bottom:0;--awb-border-left:0;--awb-border-style:solid;--awb-width-large:33.333333333333%;--awb-margin-top-large:0px;--awb-spacing-right-large:5.76%;--awb-margin-bottom-large:20px;--awb-spacing-left-large:5.76%;--awb-width-medium:100%;--awb-order-medium:0;--awb-spacing-right-medium:1.92%;--awb-spacing-left-medium:1.92%;--awb-width-small:100%;--awb-order-small:0;--awb-spacing-right-small:1.92%;--awb-spacing-left-small:1.92%;\"><div class=\"fusion-column-wrapper fusion-column-has-shadow fusion-flex-justify-content-space-evenly fusion-content-layout-column\"><div class=\"fusion-image-element \" style=\"text-align:center;--awb-liftup-border-radius:6px;--awb-caption-title-font-family:var(--h2_typography-font-family);--awb-caption-title-font-weight:var(--h2_typography-font-weight);--awb-caption-title-font-style:var(--h2_typography-font-style);--awb-caption-title-size:var(--h2_typography-font-size);--awb-caption-title-transform:var(--h2_typography-text-transform);--awb-caption-title-line-height:var(--h2_typography-line-height);--awb-caption-title-letter-spacing:var(--h2_typography-letter-spacing);\"><div class=\"awb-image-frame awb-image-frame-1 imageframe-liftup imageframe-1\"><span class=\" fusion-imageframe imageframe-none imageframe-1\" style=\"border-radius:6px;\"><a class=\"fusion-no-lightbox\" href=\"https:\/\/ateq-emobility.com\/fr\/ingenierie\/\" target=\"_self\" aria-label=\"consulting-400&#215;257\"><img decoding=\"async\" width=\"400\" height=\"257\" src=\"https:\/\/ateq-emobility.com\/wp-content\/uploads\/2022\/04\/consulting-400x257-1.jpg\" alt class=\"img-responsive wp-image-2755\" srcset=\"https:\/\/ateq-emobility.com\/wp-content\/uploads\/2022\/04\/consulting-400x257-1-200x129.jpg 200w, https:\/\/ateq-emobility.com\/wp-content\/uploads\/2022\/04\/consulting-400x257-1.jpg 400w\" sizes=\"(max-width: 1024px) 100vw, (max-width: 640px) 100vw, 400px\" \/><\/a><\/span><\/div><\/div><div class=\"fusion-separator\" style=\"align-self: flex-start;margin-right:auto;margin-top:30px;margin-bottom:0px;width:100%;max-width:40px;\"><div class=\"fusion-separator-border sep-single sep-solid\" style=\"--awb-height:20px;--awb-amount:20px;--awb-sep-color:#ce003d;border-color:#ce003d;border-top-width:4px;\"><\/div><\/div><div class=\"fusion-text fusion-text-2\" style=\"--awb-font-size:35px;\"><h2 style=\"text-align: left;\"><a href=\"https:\/\/ateq-emobility.com\/fr\/ingenierie\/\"><strong>SAV<\/strong><\/a><\/h2>\n<\/div><div class=\"fusion-text fusion-text-3\"><p style=\"text-align: justify;\">ATEQ propose une consultation initiale gratuite sur les tests d&rsquo;\u00e9tanch\u00e9it\u00e9 pour vous aider \u00e0 vous faire une id\u00e9e de la mani\u00e8re de tester votre application. De nombreux ing\u00e9nieurs qualit\u00e9 viennent chez ATEQ sans avoir de connaissances approfondies sur les tests d&rsquo;\u00e9tanch\u00e9it\u00e9. Nous pouvons vous enseigner les bases du contr\u00f4le d&rsquo;\u00e9tanch\u00e9it\u00e9 et vous aider \u00e0 respecter ou \u00e0 d\u00e9terminer les sp\u00e9cifications du contr\u00f4le d&rsquo;\u00e9tanch\u00e9it\u00e9 pour votre pi\u00e8ce \u00e0 tester.<\/p>\n<\/div><\/div><\/div><div class=\"fusion-layout-column fusion_builder_column fusion-builder-column-2 fusion_builder_column_1_3 1_3 fusion-flex-column\" style=\"--awb-bg-size:cover;--awb-width-large:33.333333333333%;--awb-margin-top-large:0px;--awb-spacing-right-large:5.76%;--awb-margin-bottom-large:20px;--awb-spacing-left-large:5.76%;--awb-width-medium:100%;--awb-order-medium:0;--awb-spacing-right-medium:1.92%;--awb-spacing-left-medium:1.92%;--awb-width-small:100%;--awb-order-small:0;--awb-spacing-right-small:1.92%;--awb-spacing-left-small:1.92%;\"><div class=\"fusion-column-wrapper fusion-column-has-shadow fusion-flex-justify-content-space-evenly fusion-content-layout-column\"><div class=\"fusion-image-element \" style=\"text-align:center;--awb-liftup-border-radius:6px;--awb-caption-title-font-family:var(--h2_typography-font-family);--awb-caption-title-font-weight:var(--h2_typography-font-weight);--awb-caption-title-font-style:var(--h2_typography-font-style);--awb-caption-title-size:var(--h2_typography-font-size);--awb-caption-title-transform:var(--h2_typography-text-transform);--awb-caption-title-line-height:var(--h2_typography-line-height);--awb-caption-title-letter-spacing:var(--h2_typography-letter-spacing);\"><div class=\"awb-image-frame awb-image-frame-2 imageframe-liftup imageframe-2\"><span class=\" fusion-imageframe imageframe-none imageframe-2\" style=\"border-radius:6px;\"><a class=\"fusion-no-lightbox\" href=\"https:\/\/ateq-emobility.com\/fr\/etalonnage\/\" target=\"_self\" aria-label=\"calibration e-mobility\"><img decoding=\"async\" width=\"400\" height=\"257\" src=\"https:\/\/ateq-emobility.com\/wp-content\/uploads\/2022\/04\/calibration.jpg\" alt class=\"img-responsive wp-image-2791\" srcset=\"https:\/\/ateq-emobility.com\/wp-content\/uploads\/2022\/04\/calibration-200x129.jpg 200w, https:\/\/ateq-emobility.com\/wp-content\/uploads\/2022\/04\/calibration.jpg 400w\" sizes=\"(max-width: 1024px) 100vw, (max-width: 640px) 100vw, 400px\" \/><\/a><\/span><\/div><\/div><div class=\"fusion-separator\" style=\"align-self: flex-start;margin-right:auto;margin-top:30px;margin-bottom:0px;width:100%;max-width:40px;\"><div class=\"fusion-separator-border sep-single sep-solid\" style=\"--awb-height:20px;--awb-amount:20px;--awb-sep-color:#ce003d;border-color:#ce003d;border-top-width:4px;\"><\/div><\/div><div class=\"fusion-text fusion-text-4\" style=\"--awb-font-size:25px;--awb-margin-top:0px;\"><div style=\"text-align: center;\">\n<h2 style=\"text-align: left;\"><a href=\"https:\/\/ateq-emobility.com\/fr\/etalonnage\/\"><strong>\u00c9TALONNAGE<\/strong><\/a><\/h2>\n<\/div>\n<\/div><div class=\"fusion-text fusion-text-5\"><div style=\"text-align: justify;\">ATEQ dispose de <strong>16 laboratoires accr\u00e9dit\u00e9s ISO\/IEC 17025<\/strong> pour effectuer des \u00e9talonnages ISO sur vos instruments de test de fuite. Faites \u00e9talonner vos instruments et orifices ATEQ chaque ann\u00e9e pour garantir des lectures pr\u00e9cises avec les services d\u2019\u00e9talonnage standard ou ISO\/IEC 17025 d\u2019ATEQ.<\/div>\n<\/div><\/div><\/div><div class=\"fusion-layout-column fusion_builder_column fusion-builder-column-3 fusion_builder_column_1_3 1_3 fusion-flex-column\" style=\"--awb-bg-size:cover;--awb-width-large:33.333333333333%;--awb-margin-top-large:0px;--awb-spacing-right-large:5.76%;--awb-margin-bottom-large:20px;--awb-spacing-left-large:5.76%;--awb-width-medium:100%;--awb-order-medium:0;--awb-spacing-right-medium:1.92%;--awb-spacing-left-medium:1.92%;--awb-width-small:100%;--awb-order-small:0;--awb-spacing-right-small:1.92%;--awb-spacing-left-small:1.92%;\"><div class=\"fusion-column-wrapper fusion-column-has-shadow fusion-flex-justify-content-space-evenly fusion-content-layout-column\"><div class=\"fusion-image-element \" style=\"text-align:center;--awb-liftup-border-radius:6px;--awb-caption-title-font-family:var(--h2_typography-font-family);--awb-caption-title-font-weight:var(--h2_typography-font-weight);--awb-caption-title-font-style:var(--h2_typography-font-style);--awb-caption-title-size:var(--h2_typography-font-size);--awb-caption-title-transform:var(--h2_typography-text-transform);--awb-caption-title-line-height:var(--h2_typography-line-height);--awb-caption-title-letter-spacing:var(--h2_typography-letter-spacing);\"><div class=\"awb-image-frame awb-image-frame-3 imageframe-liftup imageframe-3\"><span class=\" fusion-imageframe imageframe-none imageframe-3\" style=\"border-radius:6px;\"><a class=\"fusion-no-lightbox\" href=\"https:\/\/ateq-emobility.com\/fr\/formation\/\" target=\"_self\" aria-label=\"formation-ateq\"><img decoding=\"async\" width=\"1000\" height=\"642\" alt=\"training-ateq e-mobility\" src=\"https:\/\/ateq-emobility.com\/wp-content\/uploads\/2022\/04\/formation-img.jpg\" class=\"img-responsive wp-image-2788\" srcset=\"https:\/\/ateq-emobility.com\/wp-content\/uploads\/2022\/04\/formation-img-200x128.jpg 200w, https:\/\/ateq-emobility.com\/wp-content\/uploads\/2022\/04\/formation-img-400x257.jpg 400w, https:\/\/ateq-emobility.com\/wp-content\/uploads\/2022\/04\/formation-img-600x385.jpg 600w, https:\/\/ateq-emobility.com\/wp-content\/uploads\/2022\/04\/formation-img-800x514.jpg 800w, https:\/\/ateq-emobility.com\/wp-content\/uploads\/2022\/04\/formation-img.jpg 1000w\" sizes=\"(max-width: 1024px) 100vw, (max-width: 640px) 100vw, 400px\" \/><\/a><\/span><\/div><\/div><div class=\"fusion-separator\" style=\"align-self: flex-start;margin-right:auto;margin-top:30px;margin-bottom:0px;width:100%;max-width:40px;\"><div class=\"fusion-separator-border sep-single sep-solid\" style=\"--awb-height:20px;--awb-amount:20px;--awb-sep-color:#ce003d;border-color:#ce003d;border-top-width:4px;\"><\/div><\/div><div class=\"fusion-text fusion-text-6\" style=\"--awb-font-size:25px;--awb-margin-top:0px;\"><div style=\"text-align: center;\">\n<h2 style=\"text-align: left;\"><a href=\"https:\/\/ateq-emobility.com\/fr\/formation\/\"><strong>FORMATION<\/strong><\/a><\/h2>\n<\/div>\n<\/div><div class=\"fusion-text fusion-text-7\"><p style=\"text-align: justify;\">Nos cours de formation d\u2019ing\u00e9nieur en test d\u2019\u00e9tanch\u00e9it\u00e9 \u00e0 l\u2019\u00e9chelle mondiale d\u2019ATEQ pour en savoir plus sur les tests d\u2019\u00e9tanch\u00e9it\u00e9 et comment ATEQ peut vous aider \u00e0 tester l\u2019\u00e9tanch\u00e9it\u00e9 de vos composants fabriqu\u00e9s !<\/p>\n<\/div><\/div><\/div><div class=\"fusion-layout-column fusion_builder_column fusion-builder-column-4 fusion_builder_column_1_3 1_3 fusion-flex-column fusion-no-small-visibility fusion-no-medium-visibility\" style=\"--awb-bg-size:cover;--awb-width-large:33.333333333333%;--awb-margin-top-large:0px;--awb-spacing-right-large:5.76%;--awb-margin-bottom-large:20px;--awb-spacing-left-large:5.76%;--awb-width-medium:100%;--awb-order-medium:0;--awb-spacing-right-medium:1.92%;--awb-spacing-left-medium:1.92%;--awb-width-small:100%;--awb-order-small:0;--awb-spacing-right-small:1.92%;--awb-spacing-left-small:1.92%;\"><div class=\"fusion-column-wrapper fusion-column-has-shadow fusion-flex-justify-content-flex-start fusion-content-layout-column\"><div ><a class=\"fusion-button button-flat fusion-button-default-size button-custom fusion-button-default button-1 fusion-button-default-span fusion-button-default-type\" style=\"--button_accent_color:#ffffff;--button_accent_hover_color:#ffffff;--button_border_hover_color:#000000;--button_gradient_top_color:#d31e48;--button_gradient_bottom_color:#d31e48;--button_gradient_top_color_hover:#ce003d;--button_gradient_bottom_color_hover:#ce003d;\" target=\"_self\" href=\"https:\/\/ateq-emobility.com\/fr\/ingenierie\/\"><span class=\"fusion-button-text awb-button__text awb-button__text--default\">VOIR PLUS<\/span><\/a><\/div><\/div><\/div><div class=\"fusion-layout-column fusion_builder_column fusion-builder-column-5 fusion_builder_column_1_3 1_3 fusion-flex-column fusion-no-small-visibility fusion-no-medium-visibility\" style=\"--awb-bg-size:cover;--awb-width-large:33.333333333333%;--awb-margin-top-large:0px;--awb-spacing-right-large:5.76%;--awb-margin-bottom-large:20px;--awb-spacing-left-large:5.76%;--awb-width-medium:100%;--awb-order-medium:0;--awb-spacing-right-medium:1.92%;--awb-spacing-left-medium:1.92%;--awb-width-small:100%;--awb-order-small:0;--awb-spacing-right-small:1.92%;--awb-spacing-left-small:1.92%;\"><div class=\"fusion-column-wrapper fusion-column-has-shadow fusion-flex-justify-content-flex-start fusion-content-layout-column\"><div ><a class=\"fusion-button button-flat fusion-button-default-size button-custom fusion-button-default button-2 fusion-button-default-span fusion-button-default-type\" style=\"--button_accent_color:#ffffff;--button_accent_hover_color:#ffffff;--button_border_hover_color:#000000;--button_gradient_top_color:#d31e48;--button_gradient_bottom_color:#d31e48;--button_gradient_top_color_hover:#ce003d;--button_gradient_bottom_color_hover:#ce003d;--button_margin-top:0px;\" target=\"_self\" href=\"https:\/\/ateq-emobility.com\/fr\/etalonnage\/\"><span class=\"fusion-button-text awb-button__text awb-button__text--default\">VOIR PLUS<\/span><\/a><\/div><\/div><\/div><div class=\"fusion-layout-column fusion_builder_column fusion-builder-column-6 fusion_builder_column_1_3 1_3 fusion-flex-column fusion-no-small-visibility fusion-no-medium-visibility\" style=\"--awb-bg-size:cover;--awb-width-large:33.333333333333%;--awb-margin-top-large:0px;--awb-spacing-right-large:5.76%;--awb-margin-bottom-large:20px;--awb-spacing-left-large:5.76%;--awb-width-medium:100%;--awb-order-medium:0;--awb-spacing-right-medium:1.92%;--awb-spacing-left-medium:1.92%;--awb-width-small:100%;--awb-order-small:0;--awb-spacing-right-small:1.92%;--awb-spacing-left-small:1.92%;\"><div class=\"fusion-column-wrapper fusion-column-has-shadow fusion-flex-justify-content-flex-start fusion-content-layout-column\"><div ><a class=\"fusion-button button-flat fusion-button-default-size button-custom fusion-button-default button-3 fusion-button-default-span fusion-button-default-type\" style=\"--button_accent_color:#ffffff;--button_accent_hover_color:#ffffff;--button_border_hover_color:#000000;--button_gradient_top_color:#d31e48;--button_gradient_bottom_color:#d31e48;--button_gradient_top_color_hover:#ce003d;--button_gradient_bottom_color_hover:#ce003d;\" target=\"_self\" href=\"https:\/\/ateq-emobility.com\/fr\/formation\/\"><span class=\"fusion-button-text awb-button__text awb-button__text--default\">VOIR PLUS<\/span><\/a><\/div><\/div><\/div><\/div><\/div><div class=\"fusion-fullwidth fullwidth-box fusion-builder-row-3 fusion-flex-container has-pattern-background has-mask-background nonhundred-percent-fullwidth non-hundred-percent-height-scrolling\" style=\"--awb-border-radius-top-left:0px;--awb-border-radius-top-right:0px;--awb-border-radius-bottom-right:0px;--awb-border-radius-bottom-left:0px;--awb-padding-top:30px;--awb-background-color:var(--awb-color7);--awb-flex-wrap:wrap;\" ><div class=\"fusion-builder-row fusion-row fusion-flex-align-items-flex-start fusion-flex-content-wrap\" style=\"max-width:1289.6px;margin-left: calc(-4% \/ 2 );margin-right: calc(-4% \/ 2 );\"><div class=\"fusion-layout-column fusion_builder_column fusion-builder-column-7 fusion_builder_column_2_3 2_3 fusion-flex-column\" style=\"--awb-bg-size:cover;--awb-width-large:66.666666666667%;--awb-margin-top-large:0px;--awb-spacing-right-large:2.88%;--awb-margin-bottom-large:20px;--awb-spacing-left-large:2.88%;--awb-width-medium:100%;--awb-order-medium:0;--awb-spacing-right-medium:1.92%;--awb-spacing-left-medium:1.92%;--awb-width-small:100%;--awb-order-small:0;--awb-spacing-right-small:1.92%;--awb-spacing-left-small:1.92%;\"><div class=\"fusion-column-wrapper fusion-column-has-shadow fusion-flex-justify-content-flex-start fusion-content-layout-column\"><div class=\"fusion-text fusion-text-8\" style=\"--awb-text-color:var(--awb-color1);--awb-margin-top:10px;\"><p style=\"text-align: center;\"><strong>Contact ATEQ for sales information, general questions or marketing inquiries.<\/strong><\/p>\n<\/div><\/div><\/div><div class=\"fusion-layout-column fusion_builder_column fusion-builder-column-8 fusion_builder_column_1_3 1_3 fusion-flex-column\" style=\"--awb-bg-size:cover;--awb-width-large:33.333333333333%;--awb-margin-top-large:0px;--awb-spacing-right-large:5.76%;--awb-margin-bottom-large:20px;--awb-spacing-left-large:5.76%;--awb-width-medium:100%;--awb-order-medium:0;--awb-spacing-right-medium:1.92%;--awb-spacing-left-medium:1.92%;--awb-width-small:100%;--awb-order-small:0;--awb-spacing-right-small:1.92%;--awb-spacing-left-small:1.92%;\"><div class=\"fusion-column-wrapper fusion-column-has-shadow fusion-flex-justify-content-flex-start fusion-content-layout-column\"><div style=\"text-align:center;\"><a class=\"fusion-button button-flat fusion-button-default-size button-custom fusion-button-default button-4 fusion-button-default-span fusion-button-default-type\" style=\"--button_accent_color:var(--awb-color7);--button_accent_hover_color:#ffffff;--button_border_hover_color:#000000;--button_gradient_top_color:var(--awb-color1);--button_gradient_bottom_color:var(--awb-color1);--button_gradient_top_color_hover:#ce003d;--button_gradient_bottom_color_hover:#ce003d;\" target=\"_self\" href=\"\/contact\/\"><span class=\"fusion-button-text awb-button__text awb-button__text--default\">CONTACT US<\/span><\/a><\/div><\/div><\/div><\/div><\/div>\n<\/p>\n","protected":false},"excerpt":{"rendered":"","protected":false},"author":1,"featured_media":0,"parent":0,"menu_order":0,"comment_status":"closed","ping_status":"closed","template":"100-width.php","meta":{"content-type":"","footnotes":""},"class_list":["post-3868","page","type-page","status-publish","hentry"],"_links":{"self":[{"href":"https:\/\/ateq-emobility.com\/fr\/wp-json\/wp\/v2\/pages\/3868","targetHints":{"allow":["GET"]}}],"collection":[{"href":"https:\/\/ateq-emobility.com\/fr\/wp-json\/wp\/v2\/pages"}],"about":[{"href":"https:\/\/ateq-emobility.com\/fr\/wp-json\/wp\/v2\/types\/page"}],"author":[{"embeddable":true,"href":"https:\/\/ateq-emobility.com\/fr\/wp-json\/wp\/v2\/users\/1"}],"replies":[{"embeddable":true,"href":"https:\/\/ateq-emobility.com\/fr\/wp-json\/wp\/v2\/comments?post=3868"}],"version-history":[{"count":12,"href":"https:\/\/ateq-emobility.com\/fr\/wp-json\/wp\/v2\/pages\/3868\/revisions"}],"predecessor-version":[{"id":4204,"href":"https:\/\/ateq-emobility.com\/fr\/wp-json\/wp\/v2\/pages\/3868\/revisions\/4204"}],"wp:attachment":[{"href":"https:\/\/ateq-emobility.com\/fr\/wp-json\/wp\/v2\/media?parent=3868"}],"curies":[{"name":"wp","href":"https:\/\/api.w.org\/{rel}","templated":true}]}}