{"id":3862,"date":"2023-09-27T17:01:37","date_gmt":"2023-09-27T15:01:37","guid":{"rendered":"https:\/\/ateq-emobility.com\/pmc-1000-pack-module-charger-pour-batteries-ev\/"},"modified":"2024-05-14T09:11:33","modified_gmt":"2024-05-14T07:11:33","slug":"pmc-1000-pack-module-charger-pour-batteries-ev","status":"publish","type":"page","link":"https:\/\/ateq-emobility.com\/fr\/pmc-1000-pack-module-charger-pour-batteries-ev\/","title":{"rendered":"PMC 1000 : PACK &amp; MODULE CHARGER pour batteries EV"},"content":{"rendered":"<p><div class=\"fusion-fullwidth fullwidth-box fusion-builder-row-1 nonhundred-percent-fullwidth non-hundred-percent-height-scrolling fusion-equal-height-columns\" style=\"--awb-border-radius-top-left:0px;--awb-border-radius-top-right:0px;--awb-border-radius-bottom-right:0px;--awb-border-radius-bottom-left:0px;--awb-flex-wrap:wrap;\" ><div class=\"fusion-builder-row fusion-row\"><div class=\"fusion-layout-column fusion_builder_column fusion-builder-column-0 fusion_builder_column_1_2 1_2 fusion-one-half fusion-column-first\" style=\"--awb-bg-color:var(--awb-color1);--awb-bg-color-hover:var(--awb-color1);--awb-bg-size:cover;width:50%;width:calc(50% - ( ( 4% ) * 0.5 ) );margin-right: 4%;\"><div class=\"fusion-column-wrapper fusion-column-has-shadow fusion-flex-column-wrapper-legacy\"><div class=\"fusion-image-element fusion-image-align-center in-legacy-container\" style=\"text-align:center;--awb-max-width:500px;--awb-caption-title-font-family:var(--h2_typography-font-family);--awb-caption-title-font-weight:var(--h2_typography-font-weight);--awb-caption-title-font-style:var(--h2_typography-font-style);--awb-caption-title-size:var(--h2_typography-font-size);--awb-caption-title-transform:var(--h2_typography-text-transform);--awb-caption-title-line-height:var(--h2_typography-line-height);--awb-caption-title-letter-spacing:var(--h2_typography-letter-spacing);\"><div class=\"imageframe-align-center\"><span class=\" fusion-imageframe imageframe-none imageframe-1 hover-type-none lead-product-img-485\"><img decoding=\"async\" width=\"1024\" height=\"1024\" title=\"PMC1000-ATEQ-module-pack-charger\" src=\"https:\/\/ateq-emobility.com\/wp-content\/uploads\/2023\/08\/PMC1000-ATEQ-module-pack-charger-1-1024x1024.png\" alt class=\"img-responsive wp-image-3313\" srcset=\"https:\/\/ateq-emobility.com\/wp-content\/uploads\/2023\/08\/PMC1000-ATEQ-module-pack-charger-1-200x200.png 200w, https:\/\/ateq-emobility.com\/wp-content\/uploads\/2023\/08\/PMC1000-ATEQ-module-pack-charger-1-400x400.png 400w, https:\/\/ateq-emobility.com\/wp-content\/uploads\/2023\/08\/PMC1000-ATEQ-module-pack-charger-1-600x600.png 600w, https:\/\/ateq-emobility.com\/wp-content\/uploads\/2023\/08\/PMC1000-ATEQ-module-pack-charger-1-800x800.png 800w, https:\/\/ateq-emobility.com\/wp-content\/uploads\/2023\/08\/PMC1000-ATEQ-module-pack-charger-1.png 1080w\" sizes=\"(max-width: 800px) 100vw, 600px\" \/><\/span><\/div><\/div><div class=\"fusion-image-element in-legacy-container\" style=\"--awb-margin-bottom:20px;--awb-caption-title-font-family:var(--h2_typography-font-family);--awb-caption-title-font-weight:var(--h2_typography-font-weight);--awb-caption-title-font-style:var(--h2_typography-font-style);--awb-caption-title-size:var(--h2_typography-font-size);--awb-caption-title-transform:var(--h2_typography-text-transform);--awb-caption-title-line-height:var(--h2_typography-line-height);--awb-caption-title-letter-spacing:var(--h2_typography-letter-spacing);\"><span class=\" fusion-imageframe imageframe-none imageframe-2 hover-type-none\"><img decoding=\"async\" width=\"472\" height=\"129\" title=\"highlightspmc1000\" src=\"https:\/\/ateq-emobility.com\/wp-content\/uploads\/2023\/09\/highlightspmc1000.jpg\" alt class=\"img-responsive wp-image-3391\" srcset=\"https:\/\/ateq-emobility.com\/wp-content\/uploads\/2023\/09\/highlightspmc1000-200x55.jpg 200w, https:\/\/ateq-emobility.com\/wp-content\/uploads\/2023\/09\/highlightspmc1000-400x109.jpg 400w, https:\/\/ateq-emobility.com\/wp-content\/uploads\/2023\/09\/highlightspmc1000.jpg 472w\" sizes=\"(max-width: 800px) 100vw, 472px\" \/><\/span><\/div><div class=\"fusion-video fusion-youtube fusion-aligncenter\" style=\"--awb-max-width:600px;--awb-max-height:360px;--awb-width:100%;\"><div class=\"video-shortcode\"><lite-youtube videoid=\"tnIL_F-rL5o\" class=\"landscape\" params=\"wmode=transparent&autoplay=1&amp;enablejsapi=1\" title=\"YouTube video player 1\" data-button-label=\"Play Video\" width=\"600\" height=\"360\" data-thumbnail-size=\"auto\" data-no-cookie=\"on\"><\/lite-youtube><\/div><\/div><div class=\"fusion-text fusion-text-1\" style=\"--awb-margin-top:10px;\"><p><a href=\"https:\/\/ateq-emobility.com\/ar.html\" target=\"_blank\" rel=\"noopener\"><img decoding=\"async\" class=\"alignright size-full wp-image-1859\" src=\"https:\/\/ateq-emobility.com\/wp-content\/uploads\/2023\/09\/realite-augmentee.png\" alt=\"\" width=\"64\" height=\"64\"><\/a><\/p>\n<\/div><div class=\"fusion-clearfix\"><\/div><\/div><\/div><div class=\"fusion-layout-column fusion_builder_column fusion-builder-column-1 fusion_builder_column_1_2 1_2 fusion-one-half fusion-column-last\" style=\"--awb-padding-top:30px;--awb-padding-right:30px;--awb-padding-bottom:30px;--awb-padding-left:30px;--awb-bg-color:var(--awb-color1);--awb-bg-color-hover:var(--awb-color1);--awb-bg-size:cover;--awb-margin-top:15px;--awb-margin-bottom:0px;width:50%;width:calc(50% - ( ( 4% ) * 0.5 ) );\"><div class=\"fusion-column-wrapper fusion-column-has-shadow fusion-flex-column-wrapper-legacy\"><div class=\"fusion-title title fusion-title-1 fusion-sep-none fusion-title-text fusion-title-size-one\" style=\"--awb-margin-top-small:0px;--awb-margin-right-small:0px;--awb-margin-bottom-small:20px;--awb-margin-left-small:0px;--awb-font-size:28px;\"><h1 class=\"fusion-title-heading title-heading-left\" style=\"font-family:&quot;s7&quot;;font-style:normal;font-weight:400;margin:0;font-size:1em;\"><p><strong><span style=\"color: #ce003d;\">PMC 1000<\/span><\/strong><br \/>\n<strong>PACK &amp; MODULE CHARGER<\/strong><\/p><\/h1><\/div><div class=\"fusion-text fusion-text-2\"><p>ATEQ pr\u00e9sente son nouveau <strong>Pack &amp; Module Charger<\/strong>. Module \u00e9lectronique sp\u00e9cifique, nouvelle interface, gamme sp\u00e9cifique d\u2019accessoires. Tout a \u00e9t\u00e9 mis en \u0153uvre pour cr\u00e9er une solution de charge industrielle pr\u00e9cise et performante.<\/p>\n<p>3 gammes disponibles:<\/p>\n<ul>\n<li><strong>PMC 1000\/40\u200b<\/strong><\/li>\n<li><strong>PMC 1000\/80\u200b<\/strong><\/li>\n<li><strong>PMC 1000\/120\u200b<\/strong><\/li>\n<\/ul>\n<p>La puissance de l\u2019appareil peut \u00eatre modul\u00e9e gr\u00e2ce \u00e0 l\u2019unit\u00e9 suppl\u00e9mentaire <strong>CU 1000\/40<\/strong><\/p>\n<p><strong>L&rsquo;objectif de l&rsquo;instrument est de fournir :<\/strong><\/p>\n<p>\u2022 Test autonome et capacit\u00e9 de charge pour les packs et modules de batterie<br \/>\n\u2022 R\u00e9sultats des cycles disponibles via le serveur OPC UA<br \/>\n\u2022 Communication avec le BMS de la batterie.<br \/>\n\u2022 Surveillance de la tension de charge<br \/>\n\u2022 Surveillance du courant de charge<br \/>\n\u2022 Capacit\u00e9 \u00e0 d\u00e9tecter un module d\u00e9fectueux tr\u00e8s rapidement<br \/>\n\u2022 Tra\u00e7abilit\u00e9 compl\u00e8te avec la m\u00e9thode de test et les r\u00e9sultats<br \/>\n\u2022 Interface utilisateur intuitive et conviviale avec un menu pilot\u00e9 par des ic\u00f4nes pour une navigation ais\u00e9e<\/p>\n<\/div><div class=\"fusion-clearfix\"><\/div><\/div><\/div><\/div><\/div><div class=\"fusion-fullwidth fullwidth-box fusion-builder-row-2 fusion-flex-container nonhundred-percent-fullwidth non-hundred-percent-height-scrolling\" style=\"--awb-border-radius-top-left:0px;--awb-border-radius-top-right:0px;--awb-border-radius-bottom-right:0px;--awb-border-radius-bottom-left:0px;--awb-flex-wrap:wrap;\" ><div class=\"fusion-builder-row fusion-row fusion-flex-align-items-flex-start fusion-flex-content-wrap\" style=\"max-width:1289.6px;margin-left: calc(-4% \/ 2 );margin-right: calc(-4% \/ 2 );\"><div class=\"fusion-layout-column fusion_builder_column fusion-builder-column-2 fusion_builder_column_1_1 1_1 fusion-flex-column\" style=\"--awb-bg-size:cover;--awb-width-large:100%;--awb-margin-top-large:0px;--awb-spacing-right-large:1.92%;--awb-margin-bottom-large:20px;--awb-spacing-left-large:1.92%;--awb-width-medium:100%;--awb-order-medium:0;--awb-spacing-right-medium:1.92%;--awb-spacing-left-medium:1.92%;--awb-width-small:100%;--awb-order-small:0;--awb-spacing-right-small:1.92%;--awb-spacing-left-small:1.92%;\"><div class=\"fusion-column-wrapper fusion-column-has-shadow fusion-flex-justify-content-flex-start fusion-content-layout-column\"><div class=\"fusion-text fusion-text-3\">\n\t\t<style type=\"text\/css\">\n\t\t\t#gallery-1 {\n\t\t\t\tmargin: auto;\n\t\t\t}\n\t\t\t#gallery-1 .gallery-item {\n\t\t\t\tfloat: left;\n\t\t\t\tmargin-top: 10px;\n\t\t\t\ttext-align: center;\n\t\t\t\twidth: 25%;\n\t\t\t}\n\t\t\t#gallery-1 img {\n\t\t\t\tborder: 2px solid #cfcfcf;\n\t\t\t}\n\t\t\t#gallery-1 .gallery-caption {\n\t\t\t\tmargin-left: 0;\n\t\t\t}\n\t\t\t\/* see gallery_shortcode() in wp-includes\/media.php *\/\n\t\t<\/style>\n\t\t<div id='gallery-1' class='gallery galleryid-3862 gallery-columns-4 gallery-size-medium'><dl class='gallery-item'>\n\t\t\t<dt class='gallery-icon landscape'>\n\t\t\t\t<a data-rel=\"iLightbox[postimages]\" data-title=\"PMC1000-ATEQ-module-pack-charger\" data-caption=\"\" href='https:\/\/ateq-emobility.com\/wp-content\/uploads\/2023\/08\/PMC1000-ATEQ-module-pack-charger-1.png'><img decoding=\"async\" width=\"300\" height=\"300\" src=\"https:\/\/ateq-emobility.com\/wp-content\/uploads\/2023\/08\/PMC1000-ATEQ-module-pack-charger-1-300x300.png\" class=\"attachment-medium size-medium\" alt=\"\" srcset=\"https:\/\/ateq-emobility.com\/wp-content\/uploads\/2023\/08\/PMC1000-ATEQ-module-pack-charger-1-66x66.png 66w, https:\/\/ateq-emobility.com\/wp-content\/uploads\/2023\/08\/PMC1000-ATEQ-module-pack-charger-1-150x150.png 150w, https:\/\/ateq-emobility.com\/wp-content\/uploads\/2023\/08\/PMC1000-ATEQ-module-pack-charger-1-200x200.png 200w, https:\/\/ateq-emobility.com\/wp-content\/uploads\/2023\/08\/PMC1000-ATEQ-module-pack-charger-1-300x300.png 300w, https:\/\/ateq-emobility.com\/wp-content\/uploads\/2023\/08\/PMC1000-ATEQ-module-pack-charger-1-400x400.png 400w, https:\/\/ateq-emobility.com\/wp-content\/uploads\/2023\/08\/PMC1000-ATEQ-module-pack-charger-1-600x600.png 600w, https:\/\/ateq-emobility.com\/wp-content\/uploads\/2023\/08\/PMC1000-ATEQ-module-pack-charger-1-768x768.png 768w, https:\/\/ateq-emobility.com\/wp-content\/uploads\/2023\/08\/PMC1000-ATEQ-module-pack-charger-1-800x800.png 800w, https:\/\/ateq-emobility.com\/wp-content\/uploads\/2023\/08\/PMC1000-ATEQ-module-pack-charger-1-1024x1024.png 1024w, https:\/\/ateq-emobility.com\/wp-content\/uploads\/2023\/08\/PMC1000-ATEQ-module-pack-charger-1.png 1080w\" sizes=\"(max-width: 300px) 100vw, 300px\" \/><\/a>\n\t\t\t<\/dt><\/dl><dl class='gallery-item'>\n\t\t\t<dt class='gallery-icon landscape'>\n\t\t\t\t<a data-rel=\"iLightbox[postimages]\" data-title=\"PMC1000_ATEQ\" data-caption=\"\" href='https:\/\/ateq-emobility.com\/wp-content\/uploads\/2023\/08\/PMC1000_ATEQ.png'><img decoding=\"async\" width=\"300\" height=\"300\" src=\"https:\/\/ateq-emobility.com\/wp-content\/uploads\/2023\/08\/PMC1000_ATEQ-300x300.png\" class=\"attachment-medium size-medium\" alt=\"\" srcset=\"https:\/\/ateq-emobility.com\/wp-content\/uploads\/2023\/08\/PMC1000_ATEQ-66x66.png 66w, https:\/\/ateq-emobility.com\/wp-content\/uploads\/2023\/08\/PMC1000_ATEQ-150x150.png 150w, https:\/\/ateq-emobility.com\/wp-content\/uploads\/2023\/08\/PMC1000_ATEQ-200x200.png 200w, https:\/\/ateq-emobility.com\/wp-content\/uploads\/2023\/08\/PMC1000_ATEQ-300x300.png 300w, https:\/\/ateq-emobility.com\/wp-content\/uploads\/2023\/08\/PMC1000_ATEQ-400x400.png 400w, https:\/\/ateq-emobility.com\/wp-content\/uploads\/2023\/08\/PMC1000_ATEQ-600x600.png 600w, https:\/\/ateq-emobility.com\/wp-content\/uploads\/2023\/08\/PMC1000_ATEQ-768x768.png 768w, https:\/\/ateq-emobility.com\/wp-content\/uploads\/2023\/08\/PMC1000_ATEQ-800x800.png 800w, https:\/\/ateq-emobility.com\/wp-content\/uploads\/2023\/08\/PMC1000_ATEQ-1024x1024.png 1024w, https:\/\/ateq-emobility.com\/wp-content\/uploads\/2023\/08\/PMC1000_ATEQ.png 1080w\" sizes=\"(max-width: 300px) 100vw, 300px\" \/><\/a>\n\t\t\t<\/dt><\/dl><dl class='gallery-item'>\n\t\t\t<dt class='gallery-icon landscape'>\n\t\t\t\t<a data-rel=\"iLightbox[postimages]\" data-title=\"ATEQ-PMC1000_module-pack-charger\" data-caption=\"\" href='https:\/\/ateq-emobility.com\/wp-content\/uploads\/2023\/08\/ATEQ-PMC1000_module-pack-charger.png'><img decoding=\"async\" width=\"300\" height=\"300\" src=\"https:\/\/ateq-emobility.com\/wp-content\/uploads\/2023\/08\/ATEQ-PMC1000_module-pack-charger-300x300.png\" class=\"attachment-medium size-medium\" alt=\"\" srcset=\"https:\/\/ateq-emobility.com\/wp-content\/uploads\/2023\/08\/ATEQ-PMC1000_module-pack-charger-66x66.png 66w, https:\/\/ateq-emobility.com\/wp-content\/uploads\/2023\/08\/ATEQ-PMC1000_module-pack-charger-150x150.png 150w, https:\/\/ateq-emobility.com\/wp-content\/uploads\/2023\/08\/ATEQ-PMC1000_module-pack-charger-200x200.png 200w, https:\/\/ateq-emobility.com\/wp-content\/uploads\/2023\/08\/ATEQ-PMC1000_module-pack-charger-300x300.png 300w, https:\/\/ateq-emobility.com\/wp-content\/uploads\/2023\/08\/ATEQ-PMC1000_module-pack-charger-400x400.png 400w, https:\/\/ateq-emobility.com\/wp-content\/uploads\/2023\/08\/ATEQ-PMC1000_module-pack-charger-600x600.png 600w, https:\/\/ateq-emobility.com\/wp-content\/uploads\/2023\/08\/ATEQ-PMC1000_module-pack-charger-768x768.png 768w, https:\/\/ateq-emobility.com\/wp-content\/uploads\/2023\/08\/ATEQ-PMC1000_module-pack-charger-800x800.png 800w, https:\/\/ateq-emobility.com\/wp-content\/uploads\/2023\/08\/ATEQ-PMC1000_module-pack-charger-1024x1024.png 1024w, https:\/\/ateq-emobility.com\/wp-content\/uploads\/2023\/08\/ATEQ-PMC1000_module-pack-charger.png 1080w\" sizes=\"(max-width: 300px) 100vw, 300px\" \/><\/a>\n\t\t\t<\/dt><\/dl><dl class='gallery-item'>\n\t\t\t<dt class='gallery-icon landscape'>\n\t\t\t\t<a data-rel=\"iLightbox[postimages]\" data-title=\"PMC1000_ATEQ-module-pack-charger\" data-caption=\"\" href='https:\/\/ateq-emobility.com\/wp-content\/uploads\/2023\/08\/PMC1000_ATEQ-module-pack-charger.png'><img decoding=\"async\" width=\"300\" height=\"300\" src=\"https:\/\/ateq-emobility.com\/wp-content\/uploads\/2023\/08\/PMC1000_ATEQ-module-pack-charger-300x300.png\" class=\"attachment-medium size-medium\" alt=\"\" srcset=\"https:\/\/ateq-emobility.com\/wp-content\/uploads\/2023\/08\/PMC1000_ATEQ-module-pack-charger-66x66.png 66w, https:\/\/ateq-emobility.com\/wp-content\/uploads\/2023\/08\/PMC1000_ATEQ-module-pack-charger-150x150.png 150w, https:\/\/ateq-emobility.com\/wp-content\/uploads\/2023\/08\/PMC1000_ATEQ-module-pack-charger-200x200.png 200w, https:\/\/ateq-emobility.com\/wp-content\/uploads\/2023\/08\/PMC1000_ATEQ-module-pack-charger-300x300.png 300w, https:\/\/ateq-emobility.com\/wp-content\/uploads\/2023\/08\/PMC1000_ATEQ-module-pack-charger-400x400.png 400w, https:\/\/ateq-emobility.com\/wp-content\/uploads\/2023\/08\/PMC1000_ATEQ-module-pack-charger-600x600.png 600w, https:\/\/ateq-emobility.com\/wp-content\/uploads\/2023\/08\/PMC1000_ATEQ-module-pack-charger-768x768.png 768w, https:\/\/ateq-emobility.com\/wp-content\/uploads\/2023\/08\/PMC1000_ATEQ-module-pack-charger-800x800.png 800w, https:\/\/ateq-emobility.com\/wp-content\/uploads\/2023\/08\/PMC1000_ATEQ-module-pack-charger-1024x1024.png 1024w, https:\/\/ateq-emobility.com\/wp-content\/uploads\/2023\/08\/PMC1000_ATEQ-module-pack-charger.png 1080w\" sizes=\"(max-width: 300px) 100vw, 300px\" \/><\/a>\n\t\t\t<\/dt><\/dl><br style=\"clear: both\" \/>\n\t\t<\/div>\n\n<\/div><\/div><\/div><\/div><\/div><div class=\"fusion-fullwidth fullwidth-box fusion-builder-row-3 has-pattern-background has-mask-background nonhundred-percent-fullwidth non-hundred-percent-height-scrolling\" style=\"--awb-background-position:left center;--awb-border-radius-top-left:0px;--awb-border-radius-top-right:0px;--awb-border-radius-bottom-right:0px;--awb-border-radius-bottom-left:0px;--awb-flex-wrap:wrap;\" ><div class=\"fusion-builder-row fusion-row\"><div class=\"fusion-layout-column fusion_builder_column fusion-builder-column-3 fusion_builder_column_1_1 1_1 fusion-one-full fusion-column-first fusion-column-last\" style=\"--awb-bg-size:cover;--awb-margin-bottom:0px;\"><div class=\"fusion-column-wrapper fusion-column-has-shadow fusion-flex-column-wrapper-legacy\"><div class=\"fusion-sep-clear\"><\/div><div class=\"fusion-separator fusion-clearfix title-separator\" style=\"float:left;width:100%;max-width:4%;\"><div class=\"fusion-separator-border sep-single sep-solid\" style=\"--awb-height:20px;--awb-amount:20px;--awb-sep-color:#d31e48;border-color:#d31e48;border-top-width:3px;\"><\/div><\/div><div class=\"fusion-sep-clear\"><\/div><div class=\"fusion-title title fusion-title-2 fusion-sep-none fusion-title-text fusion-title-size-one custom-title\" style=\"--awb-margin-bottom:20px;--awb-margin-top-small:0px;--awb-margin-right-small:0px;--awb-margin-bottom-small:20px;--awb-margin-left-small:0px;\"><h1 class=\"fusion-title-heading title-heading-left\" style=\"margin:0;\"><p><b>PMC1000 : <span style=\"color: #d31e48;\">APPLICATIONS<\/span><br \/>\n<\/b><\/p><\/h1><\/div><div class=\"fusion-clearfix\"><\/div><\/div><\/div><div class=\"fusion-layout-column fusion_builder_column fusion-builder-column-4 fusion_builder_column_1_1 1_1 fusion-one-full fusion-column-first fusion-column-last\" style=\"--awb-bg-size:cover;\"><div class=\"fusion-column-wrapper fusion-flex-column-wrapper-legacy\"><div class=\"fusion-text fusion-text-4\"><ul>\n<li>Automobile<\/li>\n<li>E-Mobilit\u00e9<\/li>\n<li>Industrie<\/li>\n<li>Batterie EV<\/li>\n<\/ul>\n<\/div><div class=\"fusion-clearfix\"><\/div><\/div><\/div><div class=\"fusion-layout-column fusion_builder_column fusion-builder-column-5 fusion_builder_column_1_1 1_1 fusion-one-full fusion-column-first fusion-column-last\" style=\"--awb-bg-size:cover;--awb-margin-top:2%;--awb-margin-bottom:2%;\"><div class=\"fusion-column-wrapper fusion-column-has-shadow fusion-flex-column-wrapper-legacy\"><div class=\"fusion-sep-clear\"><\/div><div class=\"fusion-separator fusion-clearfix title-separator\" style=\"float:left;margin-bottom:20px;width:100%;max-width:4%;\"><div class=\"fusion-separator-border sep-single sep-solid\" style=\"--awb-height:20px;--awb-amount:20px;--awb-sep-color:#d31e48;border-color:#d31e48;border-top-width:3px;\"><\/div><\/div><div class=\"fusion-sep-clear\"><\/div><div class=\"fusion-title title fusion-title-3 fusion-sep-none fusion-title-text fusion-title-size-one custom-title\" style=\"--awb-margin-bottom:20px;--awb-margin-top-small:0px;--awb-margin-right-small:0px;--awb-margin-bottom-small:20px;--awb-margin-left-small:0px;\"><h1 class=\"fusion-title-heading title-heading-left\" style=\"margin:0;\"><p><b>PMC1000 : <span style=\"color: #d31e48;\">CARACT\u00c9RISTIQUES<\/span><br \/>\n<\/b><\/p><\/h1><\/div><div class=\"fusion-clearfix\"><\/div><\/div><\/div><div class=\"fusion-layout-column fusion_builder_column fusion-builder-column-6 fusion_builder_column_1_1 1_1 fusion-one-full fusion-column-first fusion-column-last\" style=\"--awb-bg-size:cover;\"><div class=\"fusion-column-wrapper fusion-flex-column-wrapper-legacy\"><div class=\"fusion-text fusion-text-5\"><ul>\n<li>Le testeur de batterie avanc\u00e9 et pr\u00e9cis d\u00e9di\u00e9 aux lignes de production, aux laboratoires de recherche et d\u00e9veloppement et \u00e0 l\u2019expertise EV\/HEV.<\/li>\n<li>Base de donn\u00e9es int\u00e9gr\u00e9e (types de batteries, param\u00e8tres et seuils)<\/li>\n<li>Syst\u00e8me enti\u00e8rement s\u00e9curis\u00e9 avec protections int\u00e9gr\u00e9es de la batterie (mat\u00e9riel et logiciel)<\/li>\n<\/ul>\n<\/div><div class=\"fusion-clearfix\"><\/div><\/div><\/div><div class=\"fusion-layout-column fusion_builder_column fusion-builder-column-7 fusion_builder_column_1_1 1_1 fusion-one-full fusion-column-first fusion-column-last\" style=\"--awb-bg-size:cover;\"><div class=\"fusion-column-wrapper fusion-flex-column-wrapper-legacy\"><div class=\"fusion-sep-clear\"><\/div><div class=\"fusion-separator fusion-clearfix title-separator\" style=\"float:left;width:100%;max-width:4%;\"><div class=\"fusion-separator-border sep-single sep-solid\" style=\"--awb-height:20px;--awb-amount:20px;--awb-sep-color:#d31e48;border-color:#d31e48;border-top-width:3px;\"><\/div><\/div><div class=\"fusion-sep-clear\"><\/div><div class=\"fusion-title title fusion-title-4 fusion-sep-none fusion-title-text fusion-title-size-one custom-title\" style=\"--awb-margin-bottom:0px;--awb-margin-top-small:0px;--awb-margin-right-small:0px;--awb-margin-bottom-small:20px;--awb-margin-left-small:0px;\"><h1 class=\"fusion-title-heading title-heading-left\" style=\"margin:0;\"><b>PMC1000 : <span style=\"color: #d31e48;\">SP\u00c9CIFICATIONS TECHNIQUES<\/span><\/b><\/h1><\/div><div class=\"fusion-clearfix\"><\/div><\/div><\/div><div class=\"fusion-layout-column fusion_builder_column fusion-builder-column-8 fusion_builder_column_1_1 1_1 fusion-one-full fusion-column-first fusion-column-last\" style=\"--awb-bg-size:cover;\"><div class=\"fusion-column-wrapper fusion-flex-column-wrapper-legacy\">\n<div class=\"table-1\">\n<table width=\"100%\">\n<thead>\n<tr>\n<th align=\"left\">SP\u00c9CIFICATIONS<\/th>\n<th align=\"left\"><\/th>\n<\/tr>\n<\/thead>\n<tbody>\n<tr>\n<td align=\"left\">Pr\u00e9sentation<\/td>\n<td align=\"left\">Poids: 400Kg<\/td>\n<\/tr>\n<tr>\n<td align=\"left\">Physique<\/td>\n<td align=\"left\">Dimensions HxLxP(mm) H 1875 x L 600 x P 870<\/td>\n<\/tr>\n<tr>\n<td align=\"left\">Alimentation \u00e9lectrique externe<\/td>\n<td align=\"left\">Entr\u00e9es : 380-480VAC, 200A, 3~, 3W+PE, 50\/60Hz<br \/>\nSortie : 300 \u2013 1000VDC, 0-400A, 120kW Max<\/td>\n<\/tr>\n<tr>\n<td align=\"left\">Pr\u00e9cision<\/td>\n<td align=\"left\">En cours d\u2019\u00e9valuation<\/td>\n<\/tr>\n<tr>\n<td align=\"left\">Interface utilisateur<\/td>\n<td align=\"left\">\u00c9cran tactile couleur de 13 pouces avec menu \u00e0 base d\u2019ic\u00f4nes<\/td>\n<\/tr>\n<tr>\n<td align=\"left\">Bo\u00eetier<\/td>\n<td align=\"left\">Armoire industrielle IP22<\/td>\n<\/tr>\n<tr>\n<td align=\"left\">Temp\u00e9rature<\/td>\n<td align=\"left\">Fonctionnement : 0\u00b0C \u00e0 +50\u00b0C<br \/>\nStockage : -40\u00b0C \u00e0 +85\u00b0C<\/td>\n<\/tr>\n<tr>\n<td align=\"left\">Humidit\u00e9<\/td>\n<td align=\"left\">Fonctionnement : 20 % \u2013 90 % sans condensation<br \/>\nStockage : 10% \u2013 95% sans condensation<\/td>\n<\/tr>\n<tr>\n<td align=\"left\">Norme<\/td>\n<td align=\"left\">CE<\/td>\n<\/tr>\n<tr>\n<td align=\"left\">Protocole<\/td>\n<td align=\"left\">Bus CAN pour l\u2019interface BMS<\/td>\n<\/tr>\n<\/tbody>\n<\/table>\n<\/div>\n<div class=\"fusion-clearfix\"><\/div><\/div><\/div><div class=\"fusion-layout-column fusion_builder_column fusion-builder-column-9 fusion_builder_column_1_1 1_1 fusion-one-full fusion-column-first fusion-column-last\" style=\"--awb-bg-size:cover;\"><div class=\"fusion-column-wrapper fusion-flex-column-wrapper-legacy\"><div class=\"fusion-sep-clear\"><\/div><div class=\"fusion-separator fusion-clearfix title-separator\" style=\"float:left;width:100%;max-width:4%;\"><div class=\"fusion-separator-border sep-single sep-solid\" style=\"--awb-height:20px;--awb-amount:20px;--awb-sep-color:#d31e48;border-color:#d31e48;border-top-width:3px;\"><\/div><\/div><div class=\"fusion-sep-clear\"><\/div><div class=\"fusion-title title fusion-title-5 fusion-sep-none fusion-title-text fusion-title-size-one custom-title\" style=\"--awb-margin-bottom:0px;--awb-margin-top-small:0px;--awb-margin-right-small:0px;--awb-margin-bottom-small:20px;--awb-margin-left-small:0px;\"><h1 class=\"fusion-title-heading title-heading-left\" style=\"margin:0;\"><b>PMC1000: <span style=\"color: #d31e48;\">BROCHURES<\/span><\/b><\/h1><\/div><div class=\"fusion-clearfix\"><\/div><\/div><\/div><div class=\"fusion-layout-column fusion_builder_column fusion-builder-column-10 fusion_builder_column_1_1 1_1 fusion-one-full fusion-column-first fusion-column-last\" style=\"--awb-padding-top:25px;--awb-padding-right:25px;--awb-padding-bottom:25px;--awb-padding-left:25px;--awb-bg-color:#eeeeee;--awb-bg-color-hover:#eeeeee;--awb-bg-size:cover;--awb-margin-bottom:30px;\"><div class=\"fusion-column-wrapper fusion-column-has-shadow fusion-flex-column-wrapper-legacy\"><div class=\"fusion-text fusion-text-6\"><p>Informations d\u00e9taill\u00e9es sur le PMC1000, y compris les caract\u00e9ristiques, les sp\u00e9cifications, etc.<\/p>\n<p><a href=\"https:\/\/ateq-emobility.com\/wp-content\/uploads\/2023\/10\/PMC1000_120_EN_V4_LR.pdf\" target=\"_blank\" rel=\"noopener\"><img decoding=\"async\" src=\"https:\/\/ateq-emobility.com\/wp-content\/uploads\/2021\/04\/US.png\" alt=\"\" width=\"25\" height=\"25\"> <strong>PMC1000 Brochures &#8211; English<\/strong> <i class=\"fb-icon-element-1 fb-icon-element fontawesome-icon fa-download fas circle-yes fusion-text-flow\" style=\"--awb-circlebordersize:1px;--awb-font-size:14.08px;--awb-width:28.16px;--awb-height:28.16px;--awb-line-height:26.16px;--awb-margin-left:5px;\"><\/i><\/a><\/p>\n<\/div><div class=\"fusion-clearfix\"><\/div><\/div><\/div><\/div><\/div><\/p>\n","protected":false},"excerpt":{"rendered":"","protected":false},"author":1,"featured_media":0,"parent":0,"menu_order":0,"comment_status":"closed","ping_status":"closed","template":"","meta":{"content-type":"","footnotes":""},"class_list":["post-3862","page","type-page","status-publish","hentry"],"_links":{"self":[{"href":"https:\/\/ateq-emobility.com\/fr\/wp-json\/wp\/v2\/pages\/3862","targetHints":{"allow":["GET"]}}],"collection":[{"href":"https:\/\/ateq-emobility.com\/fr\/wp-json\/wp\/v2\/pages"}],"about":[{"href":"https:\/\/ateq-emobility.com\/fr\/wp-json\/wp\/v2\/types\/page"}],"author":[{"embeddable":true,"href":"https:\/\/ateq-emobility.com\/fr\/wp-json\/wp\/v2\/users\/1"}],"replies":[{"embeddable":true,"href":"https:\/\/ateq-emobility.com\/fr\/wp-json\/wp\/v2\/comments?post=3862"}],"version-history":[{"count":5,"href":"https:\/\/ateq-emobility.com\/fr\/wp-json\/wp\/v2\/pages\/3862\/revisions"}],"predecessor-version":[{"id":3867,"href":"https:\/\/ateq-emobility.com\/fr\/wp-json\/wp\/v2\/pages\/3862\/revisions\/3867"}],"wp:attachment":[{"href":"https:\/\/ateq-emobility.com\/fr\/wp-json\/wp\/v2\/media?parent=3862"}],"curies":[{"name":"wp","href":"https:\/\/api.w.org\/{rel}","templated":true}]}}