{"id":3790,"date":"2022-04-08T11:23:59","date_gmt":"2022-04-08T09:23:59","guid":{"rendered":"https:\/\/ateq-emobility.com\/ingenierie\/"},"modified":"2024-05-14T09:06:31","modified_gmt":"2024-05-14T07:06:31","slug":"ingenierie","status":"publish","type":"page","link":"https:\/\/ateq-emobility.com\/fr\/ingenierie\/","title":{"rendered":"Ing\u00e9nierie"},"content":{"rendered":"<p><div class=\"fusion-fullwidth fullwidth-box fusion-builder-row-1 nonhundred-percent-fullwidth non-hundred-percent-height-scrolling\" style=\"--awb-border-radius-top-left:0px;--awb-border-radius-top-right:0px;--awb-border-radius-bottom-right:0px;--awb-border-radius-bottom-left:0px;--awb-padding-top:20px;--awb-flex-wrap:wrap;\" ><div class=\"fusion-builder-row fusion-row\"><div class=\"fusion-layout-column fusion_builder_column fusion-builder-column-0 fusion_builder_column_1_2 1_2 fusion-one-half fusion-column-first\" style=\"--awb-bg-size:cover;width:50%;width:calc(50% - ( ( 4% ) * 0.5 ) );margin-right: 4%;\"><div class=\"fusion-column-wrapper fusion-flex-column-wrapper-legacy\"><div class=\"fusion-sep-clear\"><\/div><div class=\"fusion-separator fusion-clearfix title-separator\" style=\"float:left;width:100%;max-width:8%;\"><div class=\"fusion-separator-border sep-single sep-solid\" style=\"--awb-height:20px;--awb-amount:20px;--awb-sep-color:#ce003d;border-color:#ce003d;border-top-width:3px;\"><\/div><\/div><div class=\"fusion-sep-clear\"><\/div><div class=\"fusion-title title fusion-title-1 fusion-sep-none fusion-title-text fusion-title-size-one\" style=\"--awb-margin-top-small:0px;--awb-margin-right-small:0px;--awb-margin-bottom-small:20px;--awb-margin-left-small:0px;\"><h1 class=\"fusion-title-heading title-heading-left\" style=\"margin:0;\"><strong>BANCS <span style=\"color: #ce003d;\">D&rsquo;ESSAI<\/span> FONCTIONNELS :<\/strong><\/h1><\/div><div class=\"fusion-text fusion-text-1\"><p>Au fil des ans, ATEQ a construit une gamme \u00e9tendue de bancs d&rsquo;essai fonctionnels pour diverses industries, allant des appareils \u00e9lectrom\u00e9nagers \u00e0 l&rsquo;automobile.<\/p>\n<p>Les demandes ont toutes un point commun. Combiner un nombre maximal d&rsquo;essais non destructifs en une seule unit\u00e9 et, si possible, le faire tout en testant la fonctionnalit\u00e9 du produit.<\/p>\n<p>C&rsquo;est l\u00e0 que nos 46 ann\u00e9es d&rsquo;exp\u00e9rience en mati\u00e8re de tests de pi\u00e8ces sur les lignes de production sont utiles. Nous pouvons tester des chaudi\u00e8res, des syst\u00e8mes de fluides automobiles, des fers \u00e0 repasser, des appareils \u00e9lectroniques, etc. Nous n&rsquo;avons peur de rien, alors n&rsquo;h\u00e9sitez pas \u00e0 nous faire part de vos besoins.<\/p>\n<p>Pour en savoir plus sur ce que nous pouvons faire pour vous, veuillez contacter votre repr\u00e9sentant ATEQ.<\/p>\n<\/div><div class=\"fusion-clearfix\"><\/div><\/div><\/div><div class=\"fusion-layout-column fusion_builder_column fusion-builder-column-1 fusion_builder_column_1_2 1_2 fusion-one-half fusion-column-last\" style=\"--awb-bg-size:cover;width:50%;width:calc(50% - ( ( 4% ) * 0.5 ) );\"><div class=\"fusion-column-wrapper fusion-flex-column-wrapper-legacy\"><div class=\"fusion-image-element in-legacy-container\" style=\"--awb-caption-title-font-family:var(--h2_typography-font-family);--awb-caption-title-font-weight:var(--h2_typography-font-weight);--awb-caption-title-font-style:var(--h2_typography-font-style);--awb-caption-title-size:var(--h2_typography-font-size);--awb-caption-title-transform:var(--h2_typography-text-transform);--awb-caption-title-line-height:var(--h2_typography-line-height);--awb-caption-title-letter-spacing:var(--h2_typography-letter-spacing);\"><span class=\" fusion-imageframe imageframe-none imageframe-1 hover-type-none\"><img decoding=\"async\" width=\"600\" height=\"338\" title=\"enginering-600&#215;338\" src=\"https:\/\/ateq-emobility.com\/wp-content\/uploads\/2022\/04\/enginering-600x338-1.jpg\" alt class=\"img-responsive wp-image-2767\" srcset=\"https:\/\/ateq-emobility.com\/wp-content\/uploads\/2022\/04\/enginering-600x338-1-200x113.jpg 200w, https:\/\/ateq-emobility.com\/wp-content\/uploads\/2022\/04\/enginering-600x338-1-400x225.jpg 400w, https:\/\/ateq-emobility.com\/wp-content\/uploads\/2022\/04\/enginering-600x338-1.jpg 600w\" sizes=\"(max-width: 800px) 100vw, 600px\" \/><\/span><\/div><div class=\"fusion-clearfix\"><\/div><\/div><\/div><div class=\"fusion-layout-column fusion_builder_column fusion-builder-column-2 fusion_builder_column_1_2 1_2 fusion-one-half fusion-column-first\" style=\"--awb-padding-top:3%;--awb-padding-bottom:3%;--awb-bg-size:cover;width:50%;width:calc(50% - ( ( 4% ) * 0.5 ) );margin-right: 4%;\"><div class=\"fusion-column-wrapper fusion-column-has-shadow fusion-flex-column-wrapper-legacy\"><div class=\"fusion-sep-clear\"><\/div><div class=\"fusion-separator fusion-clearfix title-separator\" style=\"float:left;width:100%;max-width:8%;\"><div class=\"fusion-separator-border sep-single sep-solid\" style=\"--awb-height:20px;--awb-amount:20px;--awb-sep-color:#ce003d;border-color:#ce003d;border-top-width:3px;\"><\/div><\/div><div class=\"fusion-sep-clear\"><\/div><div class=\"fusion-title title fusion-title-2 fusion-sep-none fusion-title-text fusion-title-size-one\" style=\"--awb-margin-top-small:0px;--awb-margin-right-small:0px;--awb-margin-bottom-small:20px;--awb-margin-left-small:0px;\"><h1 class=\"fusion-title-heading title-heading-left\" style=\"margin:0;\"><strong><span style=\"color: #ce003d;\">SYST\u00c8MES<\/span> CL\u00c9S EN MAIN :<\/strong><\/h1><\/div><div class=\"fusion-text fusion-text-2\"><p>ATEQ ne fabrique que des instruments et, \u00e0 l&rsquo;exception des bancs d&rsquo;essai fonctionnels mentionn\u00e9s ci-dessus, nous ne construisons pas de machines.<\/p>\n<p>C&rsquo;est d&rsquo;ailleurs l&rsquo;une des raisons de notre succ\u00e8s au fil des ans.<\/p>\n<p>Nous avons \u00e9tabli un partenariat mondial avec des constructeurs de machines en qui nous avons confiance. Nous avons form\u00e9 ces personnes \u00e0 construire des machines autour de nos instruments de la meilleure fa\u00e7on possible.<\/p>\n<p>Mais il y a 5 r\u00e8gles \u00e0 respecter pour que cela fonctionne et dure. Les voici :<\/p>\n<\/div><div class=\"fusion-clearfix\"><\/div><\/div><\/div><div class=\"fusion-layout-column fusion_builder_column fusion-builder-column-3 fusion_builder_column_1_2 1_2 fusion-one-half fusion-column-last\" style=\"--awb-padding-top:3%;--awb-padding-bottom:3%;--awb-bg-size:cover;width:50%;width:calc(50% - ( ( 4% ) * 0.5 ) );\"><div class=\"fusion-column-wrapper fusion-column-has-shadow fusion-flex-column-wrapper-legacy\"><div class=\"accordian fusion-accordian\" style=\"--awb-border-size:1px;--awb-icon-size:13px;--awb-content-font-size:17px;--awb-icon-alignment:left;--awb-hover-color:#f9f9f9;--awb-border-color:#cccccc;--awb-background-color:#ffffff;--awb-divider-color:#e0dede;--awb-divider-hover-color:#e0dede;--awb-icon-color:#ffffff;--awb-title-color:#000000;--awb-content-color:#333333;--awb-icon-box-color:#333333;--awb-toggle-hover-accent-color:#ce003d;--awb-title-font-family:&quot;Lato&quot;;--awb-title-font-weight:400;--awb-title-font-style:normal;--awb-title-font-size:20px;--awb-content-font-family:&quot;Lato&quot;;--awb-content-font-style:normal;--awb-content-font-weight:400;\"><div class=\"panel-group fusion-toggle-icon-boxed\" id=\"accordion-3790-1\"><div class=\"fusion-panel panel-default panel-61c8707dd8d421710 fusion-toggle-has-divider\"><div class=\"panel-heading\"><h4 class=\"panel-title toggle\" id=\"toggle_61c8707dd8d421710\"><a class=\"active\" aria-expanded=\"true\" aria-controls=\"61c8707dd8d421710\" role=\"button\" data-toggle=\"collapse\" data-target=\"#61c8707dd8d421710\" href=\"#61c8707dd8d421710\"><span class=\"fusion-toggle-icon-wrapper\" aria-hidden=\"true\"><i class=\"fa-fusion-box active-icon awb-icon-minus\" aria-hidden=\"true\"><\/i><i class=\"fa-fusion-box inactive-icon awb-icon-plus\" aria-hidden=\"true\"><\/i><\/span><span class=\"fusion-toggle-heading\">R\u00e8gle N\u00b0 1<\/span><\/a><\/h4><\/div><div id=\"61c8707dd8d421710\" class=\"panel-collapse collapse in\" aria-labelledby=\"toggle_61c8707dd8d421710\"><div class=\"panel-body toggle-content fusion-clearfix\">\n<p>ATEQ se concentre sur l\u2019\u00e9tude et la fabrication des meilleurs et des plus fiables instruments de mesure.<\/p>\n<\/div><\/div><\/div><div class=\"fusion-panel panel-default panel-09e0e5cfce2ed2d58 fusion-toggle-has-divider\"><div class=\"panel-heading\"><h4 class=\"panel-title toggle\" id=\"toggle_09e0e5cfce2ed2d58\"><a aria-expanded=\"false\" aria-controls=\"09e0e5cfce2ed2d58\" role=\"button\" data-toggle=\"collapse\" data-target=\"#09e0e5cfce2ed2d58\" href=\"#09e0e5cfce2ed2d58\"><span class=\"fusion-toggle-icon-wrapper\" aria-hidden=\"true\"><i class=\"fa-fusion-box active-icon awb-icon-minus\" aria-hidden=\"true\"><\/i><i class=\"fa-fusion-box inactive-icon awb-icon-plus\" aria-hidden=\"true\"><\/i><\/span><span class=\"fusion-toggle-heading\">R\u00e8gle N\u00b02<\/span><\/a><\/h4><\/div><div id=\"09e0e5cfce2ed2d58\" class=\"panel-collapse collapse \" aria-labelledby=\"toggle_09e0e5cfce2ed2d58\"><div class=\"panel-body toggle-content fusion-clearfix\">\n<p>Les constructeurs de machines se concentrent sur la r\u00e9alisation des meilleures machines construites autour de nos instruments.<\/p>\n<\/div><\/div><\/div><div class=\"fusion-panel panel-default panel-0212059c6956abb32 fusion-toggle-has-divider\"><div class=\"panel-heading\"><h4 class=\"panel-title toggle\" id=\"toggle_0212059c6956abb32\"><a aria-expanded=\"false\" aria-controls=\"0212059c6956abb32\" role=\"button\" data-toggle=\"collapse\" data-target=\"#0212059c6956abb32\" href=\"#0212059c6956abb32\"><span class=\"fusion-toggle-icon-wrapper\" aria-hidden=\"true\"><i class=\"fa-fusion-box active-icon awb-icon-minus\" aria-hidden=\"true\"><\/i><i class=\"fa-fusion-box inactive-icon awb-icon-plus\" aria-hidden=\"true\"><\/i><\/span><span class=\"fusion-toggle-heading\">R\u00e8gle N\u00b03<\/span><\/a><\/h4><\/div><div id=\"0212059c6956abb32\" class=\"panel-collapse collapse \" aria-labelledby=\"toggle_0212059c6956abb32\"><div class=\"panel-body toggle-content fusion-clearfix\">\n<p>Ensemble, nous \u00e9tudions le projet du client final et lui livrons une offre unique.<\/p>\n<\/div><\/div><\/div><div class=\"fusion-panel panel-default panel-a1c9fa62f12575c4d fusion-toggle-has-divider\"><div class=\"panel-heading\"><h4 class=\"panel-title toggle\" id=\"toggle_a1c9fa62f12575c4d\"><a aria-expanded=\"false\" aria-controls=\"a1c9fa62f12575c4d\" role=\"button\" data-toggle=\"collapse\" data-target=\"#a1c9fa62f12575c4d\" href=\"#a1c9fa62f12575c4d\"><span class=\"fusion-toggle-icon-wrapper\" aria-hidden=\"true\"><i class=\"fa-fusion-box active-icon awb-icon-minus\" aria-hidden=\"true\"><\/i><i class=\"fa-fusion-box inactive-icon awb-icon-plus\" aria-hidden=\"true\"><\/i><\/span><span class=\"fusion-toggle-heading\">R\u00e8gle N\u00b04<\/span><\/a><\/h4><\/div><div id=\"a1c9fa62f12575c4d\" class=\"panel-collapse collapse \" aria-labelledby=\"toggle_a1c9fa62f12575c4d\"><div class=\"panel-body toggle-content fusion-clearfix\">\n<p>Nous travaillons ensuite main dans la main pour construire le syst\u00e8me cl\u00e9 en main le plus rapide, le plus fiable et le plus simple \u00e0 utiliser possible.<\/p>\n<\/div><\/div><\/div><div class=\"fusion-panel panel-default panel-3a4425233b55c2f04 fusion-toggle-has-divider\"><div class=\"panel-heading\"><h4 class=\"panel-title toggle\" id=\"toggle_3a4425233b55c2f04\"><a aria-expanded=\"false\" aria-controls=\"3a4425233b55c2f04\" role=\"button\" data-toggle=\"collapse\" data-target=\"#3a4425233b55c2f04\" href=\"#3a4425233b55c2f04\"><span class=\"fusion-toggle-icon-wrapper\" aria-hidden=\"true\"><i class=\"fa-fusion-box active-icon awb-icon-minus\" aria-hidden=\"true\"><\/i><i class=\"fa-fusion-box inactive-icon awb-icon-plus\" aria-hidden=\"true\"><\/i><\/span><span class=\"fusion-toggle-heading\">R\u00e8gle N\u00b05<\/span><\/a><\/h4><\/div><div id=\"3a4425233b55c2f04\" class=\"panel-collapse collapse \" aria-labelledby=\"toggle_3a4425233b55c2f04\"><div class=\"panel-body toggle-content fusion-clearfix\">\n<p>Et lorsqu\u2019il s\u2019agit de service apr\u00e8s vente, nous parlons et agissons d\u2019une seule voix. A l\u2019inverse de nombreux concurrents qui rejettent la faute sur leur constructeur de machine ou vice-versa, laissant souvent le client avec son probl\u00e8me sur les bras.<\/p>\n<\/div><\/div><\/div><\/div><\/div><div class=\"fusion-clearfix\"><\/div><\/div><\/div><\/div><\/div><div class=\"fusion-fullwidth fullwidth-box fusion-builder-row-2 nonhundred-percent-fullwidth non-hundred-percent-height-scrolling\" style=\"--awb-border-radius-top-left:0px;--awb-border-radius-top-right:0px;--awb-border-radius-bottom-right:0px;--awb-border-radius-bottom-left:0px;--awb-padding-top:20px;--awb-flex-wrap:wrap;\" ><div class=\"fusion-builder-row fusion-row\"><div class=\"fusion-layout-column fusion_builder_column fusion-builder-column-4 fusion_builder_column_3_4 3_4 fusion-three-fourth fusion-column-first\" style=\"--awb-padding-top:9px;--awb-padding-right:30px;--awb-padding-bottom:30px;--awb-padding-left:30px;--awb-bg-size:cover;width:75%;width:calc(75% - ( ( 4% ) * 0.75 ) );margin-right: 4%;\"><div class=\"fusion-column-wrapper fusion-column-has-shadow fusion-flex-column-wrapper-legacy\"><div class=\"fusion-text fusion-text-3\"><p style=\"text-align: center;\"><strong>Contactez ATEQ pour des informations sur les ventes, des questions g\u00e9n\u00e9rales, des informations sur les communiqu\u00e9s de presse et des demandes de marketing.inquiries.<\/strong><\/p>\n<\/div><div class=\"fusion-clearfix\"><\/div><\/div><\/div><div class=\"fusion-layout-column fusion_builder_column fusion-builder-column-5 fusion_builder_column_1_4 1_4 fusion-one-fourth fusion-column-last\" style=\"--awb-padding-right:30px;--awb-padding-left:30px;--awb-bg-size:cover;--awb-margin-bottom:0px;width:25%;width:calc(25% - ( ( 4% ) * 0.25 ) );\"><div class=\"fusion-column-wrapper fusion-column-has-shadow fusion-flex-column-wrapper-legacy\"><div class=\"fusion-aligncenter\"><a class=\"fusion-button button-flat button-large button-custom fusion-button-default button-1 fusion-button-default-span \" style=\"--button_accent_color:#ffffff;--button_accent_hover_color:#ffffff;--button_border_hover_color:#000000;--button_gradient_top_color:#ce003d;--button_gradient_bottom_color:#ce003d;--button_gradient_top_color_hover:#bc1a35;--button_gradient_bottom_color_hover:#bc1a35;\" target=\"_self\" href=\"https:\/\/ateq-emobility.com\/fr\/contact\/\"><span class=\"fusion-button-text awb-button__text awb-button__text--default\">CONTACTEZ-NOUS<\/span><\/a><\/div><div class=\"fusion-clearfix\"><\/div><\/div><\/div><\/div><\/div><\/p>\n","protected":false},"excerpt":{"rendered":"","protected":false},"author":1,"featured_media":0,"parent":0,"menu_order":0,"comment_status":"closed","ping_status":"closed","template":"","meta":{"content-type":"","footnotes":""},"class_list":["post-3790","page","type-page","status-publish","hentry"],"_links":{"self":[{"href":"https:\/\/ateq-emobility.com\/fr\/wp-json\/wp\/v2\/pages\/3790","targetHints":{"allow":["GET"]}}],"collection":[{"href":"https:\/\/ateq-emobility.com\/fr\/wp-json\/wp\/v2\/pages"}],"about":[{"href":"https:\/\/ateq-emobility.com\/fr\/wp-json\/wp\/v2\/types\/page"}],"author":[{"embeddable":true,"href":"https:\/\/ateq-emobility.com\/fr\/wp-json\/wp\/v2\/users\/1"}],"replies":[{"embeddable":true,"href":"https:\/\/ateq-emobility.com\/fr\/wp-json\/wp\/v2\/comments?post=3790"}],"version-history":[{"count":5,"href":"https:\/\/ateq-emobility.com\/fr\/wp-json\/wp\/v2\/pages\/3790\/revisions"}],"predecessor-version":[{"id":3795,"href":"https:\/\/ateq-emobility.com\/fr\/wp-json\/wp\/v2\/pages\/3790\/revisions\/3795"}],"wp:attachment":[{"href":"https:\/\/ateq-emobility.com\/fr\/wp-json\/wp\/v2\/media?parent=3790"}],"curies":[{"name":"wp","href":"https:\/\/api.w.org\/{rel}","templated":true}]}}