{"id":3762,"date":"2021-04-14T08:46:26","date_gmt":"2021-04-14T06:46:26","guid":{"rendered":"https:\/\/ateq-emobility.com\/bc512s-tout-en-un-et-entierement-automatique\/"},"modified":"2024-05-13T17:54:30","modified_gmt":"2024-05-13T15:54:30","slug":"bc512s-tout-en-un-et-entierement-automatique","status":"publish","type":"page","link":"https:\/\/ateq-emobility.com\/fr\/bc512s-tout-en-un-et-entierement-automatique\/","title":{"rendered":"BC512S &#8211; TOUT EN UN ET ENTI\u00c8REMENT AUTOMATIQUE"},"content":{"rendered":"<p><div class=\"fusion-fullwidth fullwidth-box fusion-builder-row-1 nonhundred-percent-fullwidth non-hundred-percent-height-scrolling fusion-equal-height-columns\" style=\"--awb-border-radius-top-left:0px;--awb-border-radius-top-right:0px;--awb-border-radius-bottom-right:0px;--awb-border-radius-bottom-left:0px;--awb-flex-wrap:wrap;\" ><div class=\"fusion-builder-row fusion-row\"><div class=\"fusion-layout-column fusion_builder_column fusion-builder-column-0 fusion_builder_column_1_2 1_2 fusion-one-half fusion-column-first\" style=\"--awb-bg-size:cover;width:50%;width:calc(50% - ( ( 4% ) * 0.5 ) );margin-right: 4%;\"><div class=\"fusion-column-wrapper fusion-flex-column-wrapper-legacy\"><div class=\"fusion-image-element fusion-image-align-center in-legacy-container\" style=\"text-align:center;--awb-margin-bottom:20px;--awb-max-width:500px;--awb-caption-title-font-family:var(--h2_typography-font-family);--awb-caption-title-font-weight:var(--h2_typography-font-weight);--awb-caption-title-font-style:var(--h2_typography-font-style);--awb-caption-title-size:var(--h2_typography-font-size);--awb-caption-title-transform:var(--h2_typography-text-transform);--awb-caption-title-line-height:var(--h2_typography-line-height);--awb-caption-title-letter-spacing:var(--h2_typography-letter-spacing);\"><div class=\"imageframe-align-center\"><span class=\" fusion-imageframe imageframe-none imageframe-1 hover-type-none lead-product-img-485\"><img decoding=\"async\" width=\"675\" height=\"675\" title=\"BC512S\" src=\"https:\/\/ateq-emobility.com\/wp-content\/uploads\/2021\/04\/BC512S.jpg\" alt class=\"img-responsive wp-image-2302\" srcset=\"https:\/\/ateq-emobility.com\/wp-content\/uploads\/2021\/04\/BC512S-200x200.jpg 200w, https:\/\/ateq-emobility.com\/wp-content\/uploads\/2021\/04\/BC512S-400x400.jpg 400w, https:\/\/ateq-emobility.com\/wp-content\/uploads\/2021\/04\/BC512S-600x600.jpg 600w, https:\/\/ateq-emobility.com\/wp-content\/uploads\/2021\/04\/BC512S.jpg 675w\" sizes=\"(max-width: 800px) 100vw, 600px\" \/><\/span><\/div><\/div><div class=\"fusion-clearfix\"><\/div><\/div><\/div><div class=\"fusion-layout-column fusion_builder_column fusion-builder-column-1 fusion_builder_column_1_2 1_2 fusion-one-half fusion-column-last fusion-column-no-min-height\" style=\"--awb-padding-top:30px;--awb-padding-right:30px;--awb-padding-bottom:30px;--awb-padding-left:30px;--awb-bg-color:#666666;--awb-bg-color-hover:#666666;--awb-bg-size:cover;--awb-margin-top:15px;--awb-margin-bottom:0px;width:50%;width:calc(50% - ( ( 4% ) * 0.5 ) );\"><div class=\"fusion-column-wrapper fusion-column-has-shadow fusion-flex-column-wrapper-legacy\"><div class=\"fusion-text fusion-text-1\"><h1 style=\"color: #ffffff;\">BC 512S<\/h1>\n<p><span style=\"color: #ffffff; font-family: var(--body_typography-font-family); font-size: var(--body_typography-font-size); font-style: var(--body_typography-font-style,normal); font-weight: var(--body_typography-font-weight); letter-spacing: var(--body_typography-letter-spacing);\">Charge automatique 12v\/50a et diagnostic rapide, pour batteries 12v plomb, li-ion, li-po, ni-cd, ni-mh.<br \/>\n<\/span><span style=\"color: #ffffff; font-family: var(--body_typography-font-family); font-size: var(--body_typography-font-size); font-style: var(--body_typography-font-style,normal); font-weight: var(--body_typography-font-weight); letter-spacing: var(--body_typography-letter-spacing);\">BC 512S, un seul chargeur, reli\u00e9 au r\u00e9seau de l&rsquo;usine, r\u00e9pond \u00e0 tous les besoins de l&rsquo;usine.<\/span><\/p>\n<\/div><div class=\"fusion-clearfix\"><\/div><\/div><\/div><\/div><\/div><div class=\"fusion-fullwidth fullwidth-box fusion-builder-row-2 nonhundred-percent-fullwidth non-hundred-percent-height-scrolling\" style=\"--awb-border-radius-top-left:0px;--awb-border-radius-top-right:0px;--awb-border-radius-bottom-right:0px;--awb-border-radius-bottom-left:0px;--awb-flex-wrap:wrap;\" ><div class=\"fusion-builder-row fusion-row\"><div class=\"fusion-layout-column fusion_builder_column fusion-builder-column-2 fusion_builder_column_1_1 1_1 fusion-one-full fusion-column-first fusion-column-last\" style=\"--awb-bg-size:cover;\"><div class=\"fusion-column-wrapper fusion-flex-column-wrapper-legacy\"><div class=\"fusion-menu-anchor anchor-animation\" id=\"features\"><\/div><div class=\"fusion-clearfix\"><\/div><\/div><\/div><div class=\"fusion-layout-column fusion_builder_column fusion-builder-column-3 fusion_builder_column_1_1 1_1 fusion-one-full fusion-column-first fusion-column-last\" style=\"--awb-bg-size:cover;--awb-margin-bottom:0px;\"><div class=\"fusion-column-wrapper fusion-column-has-shadow fusion-flex-column-wrapper-legacy\"><div class=\"fusion-sep-clear\"><\/div><div class=\"fusion-separator fusion-clearfix title-separator\" style=\"float:left;width:100%;max-width:4%;\"><div class=\"fusion-separator-border sep-single sep-solid\" style=\"--awb-height:20px;--awb-amount:20px;--awb-sep-color:#d31e48;border-color:#d31e48;border-top-width:3px;\"><\/div><\/div><div class=\"fusion-sep-clear\"><\/div><div class=\"fusion-title title fusion-title-1 fusion-sep-none fusion-title-text fusion-title-size-one custom-title\" style=\"--awb-margin-bottom:20px;--awb-margin-top-small:0px;--awb-margin-right-small:0px;--awb-margin-bottom-small:20px;--awb-margin-left-small:0px;\"><h1 class=\"fusion-title-heading title-heading-left\" style=\"margin:0;\"><b>BC 512S : <span style=\"color: #d31e48;\">CARACT\u00c9RISTIQUES<\/span><br \/>\n<\/b><\/h1><\/div><div class=\"fusion-clearfix\"><\/div><\/div><\/div><div class=\"fusion-layout-column fusion_builder_column fusion-builder-column-4 fusion_builder_column_1_1 1_1 fusion-one-full fusion-column-first fusion-column-last\" style=\"--awb-bg-size:cover;\"><div class=\"fusion-column-wrapper fusion-flex-column-wrapper-legacy\"><div class=\"fusion-text fusion-text-2\"><p><b>ENTI\u00c8REMENT AUTOMATIQUE<\/b><\/p>\n<p><span style=\"background-color: rgba(255, 255, 255, 0); color: var(--body_typography-color); font-family: var(--body_typography-font-family); font-size: var(--body_typography-font-size); font-style: var(--body_typography-font-style,normal); font-weight: var(--body_typography-font-weight); letter-spacing: var(--body_typography-letter-spacing);\">Aucune action de la part de l&rsquo;utilisateur n&rsquo;est n\u00e9cessaire, si ce n&rsquo;est de connecter l&rsquo;appareil \u00e0 l&rsquo;alimentation \u00e9lectrique et les pinces \u00e0 la batterie.<\/span><\/p>\n<p><b>TOUT-EN-UN<\/b><br \/>\n<span style=\"background-color: rgba(255, 255, 255, 0); color: var(--body_typography-color); font-family: var(--body_typography-font-family); font-size: var(--body_typography-font-size); font-style: var(--body_typography-font-style,normal); font-weight: var(--body_typography-font-weight); letter-spacing: var(--body_typography-letter-spacing);\">Le BC 512S peut \u00eatre utilis\u00e9 dans toutes les zones de l&rsquo;usine et pour l&rsquo;inspection avant livraison.<\/span><\/p>\n<p><b>SIMPLE \u00c0 UTILISER<\/b><br \/>\n<span style=\"background-color: rgba(255, 255, 255, 0); color: var(--body_typography-color); font-family: var(--body_typography-font-family); font-size: var(--body_typography-font-size); font-style: var(--body_typography-font-style,normal); font-weight: var(--body_typography-font-weight); letter-spacing: var(--body_typography-letter-spacing);\">Une interface graphique intuitive, sans texte, affiche tous les r\u00e9sultats \u00e0 l&rsquo;utilisateur. Le BC 512S peut donc \u00eatre utilis\u00e9 sans formation ou comp\u00e9tences sp\u00e9cifiques.<\/span><\/p>\n<p><b>S\u00c9CURIS\u00c9<\/b><br \/>\n<span style=\"background-color: rgba(255, 255, 255, 0); color: var(--body_typography-color); font-family: var(--body_typography-font-family); font-size: var(--body_typography-font-size); font-style: var(--body_typography-font-style,normal); font-weight: var(--body_typography-font-weight); letter-spacing: var(--body_typography-letter-spacing);\">Le BC 512S poss\u00e8de plusieurs dispositifs de s\u00e9curit\u00e9, dont une protection contre l&rsquo;inversion de polarit\u00e9.<\/span><\/p>\n<p><b>R\u00c9SULTATS PERSONNALISABLES<\/b><br \/>\n<span style=\"background-color: rgba(255, 255, 255, 0); color: var(--body_typography-color); font-family: var(--body_typography-font-family); font-size: var(--body_typography-font-size); font-style: var(--body_typography-font-style,normal); font-weight: var(--body_typography-font-weight); letter-spacing: var(--body_typography-letter-spacing);\">Les donn\u00e9es envoy\u00e9es au r\u00e9seau de l&rsquo;usine sont personnalisables pour r\u00e9pondre \u00e0 toutes les exigences des OEM.<\/span><\/p>\n<\/div><div class=\"fusion-clearfix\"><\/div><\/div><\/div><\/div><\/div><\/p>\n","protected":false},"excerpt":{"rendered":"","protected":false},"author":1,"featured_media":0,"parent":0,"menu_order":0,"comment_status":"closed","ping_status":"closed","template":"","meta":{"content-type":"","footnotes":""},"class_list":["post-3762","page","type-page","status-publish","hentry"],"_links":{"self":[{"href":"https:\/\/ateq-emobility.com\/fr\/wp-json\/wp\/v2\/pages\/3762","targetHints":{"allow":["GET"]}}],"collection":[{"href":"https:\/\/ateq-emobility.com\/fr\/wp-json\/wp\/v2\/pages"}],"about":[{"href":"https:\/\/ateq-emobility.com\/fr\/wp-json\/wp\/v2\/types\/page"}],"author":[{"embeddable":true,"href":"https:\/\/ateq-emobility.com\/fr\/wp-json\/wp\/v2\/users\/1"}],"replies":[{"embeddable":true,"href":"https:\/\/ateq-emobility.com\/fr\/wp-json\/wp\/v2\/comments?post=3762"}],"version-history":[{"count":5,"href":"https:\/\/ateq-emobility.com\/fr\/wp-json\/wp\/v2\/pages\/3762\/revisions"}],"predecessor-version":[{"id":3767,"href":"https:\/\/ateq-emobility.com\/fr\/wp-json\/wp\/v2\/pages\/3762\/revisions\/3767"}],"wp:attachment":[{"href":"https:\/\/ateq-emobility.com\/fr\/wp-json\/wp\/v2\/media?parent=3762"}],"curies":[{"name":"wp","href":"https:\/\/api.w.org\/{rel}","templated":true}]}}