{"id":3730,"date":"2021-06-23T14:01:18","date_gmt":"2021-06-23T12:01:18","guid":{"rendered":"https:\/\/ateq-emobility.com\/ateq-bca-chargeur-analyseur-de-batterie\/"},"modified":"2026-04-09T10:22:03","modified_gmt":"2026-04-09T08:22:03","slug":"ateq-bca-chargeur-analyseur-de-batterie","status":"publish","type":"page","link":"https:\/\/ateq-emobility.com\/fr\/ateq-bca-chargeur-analyseur-de-batterie\/","title":{"rendered":"ATEQ BCA Chargeur Analyseur de Batterie"},"content":{"rendered":"<p><div class=\"fusion-fullwidth fullwidth-box fusion-builder-row-1 nonhundred-percent-fullwidth non-hundred-percent-height-scrolling fusion-equal-height-columns\" style=\"--awb-border-radius-top-left:0px;--awb-border-radius-top-right:0px;--awb-border-radius-bottom-right:0px;--awb-border-radius-bottom-left:0px;--awb-flex-wrap:wrap;\" ><div class=\"fusion-builder-row fusion-row\"><div class=\"fusion-layout-column fusion_builder_column fusion-builder-column-0 fusion_builder_column_1_2 1_2 fusion-one-half fusion-column-first\" style=\"--awb-bg-size:cover;width:50%;width:calc(50% - ( ( 4% ) * 0.5 ) );margin-right: 4%;\"><div class=\"fusion-column-wrapper fusion-flex-column-wrapper-legacy\"><div class=\"fusion-image-element fusion-image-align-center in-legacy-container\" style=\"text-align:center;--awb-margin-bottom:20px;--awb-max-width:500px;--awb-caption-title-font-family:var(--h2_typography-font-family);--awb-caption-title-font-weight:var(--h2_typography-font-weight);--awb-caption-title-font-style:var(--h2_typography-font-style);--awb-caption-title-size:var(--h2_typography-font-size);--awb-caption-title-transform:var(--h2_typography-text-transform);--awb-caption-title-line-height:var(--h2_typography-line-height);--awb-caption-title-letter-spacing:var(--h2_typography-letter-spacing);\"><div class=\"imageframe-align-center\"><span class=\" fusion-imageframe imageframe-none imageframe-1 hover-type-none lead-product-img-485\"><img decoding=\"async\" width=\"574\" height=\"341\" alt=\"BCA \" title=\"BCA\" src=\"https:\/\/ateq-emobility.com\/wp-content\/uploads\/2026\/04\/BCA-sans-logo-Saft-page-produit.png\" class=\"img-responsive wp-image-4218\" srcset=\"https:\/\/ateq-emobility.com\/wp-content\/uploads\/2026\/04\/BCA-sans-logo-Saft-page-produit-200x119.png 200w, https:\/\/ateq-emobility.com\/wp-content\/uploads\/2026\/04\/BCA-sans-logo-Saft-page-produit-400x238.png 400w, https:\/\/ateq-emobility.com\/wp-content\/uploads\/2026\/04\/BCA-sans-logo-Saft-page-produit.png 574w\" sizes=\"(max-width: 800px) 100vw, 574px\" \/><\/span><\/div><\/div><div class=\"fusion-clearfix\"><\/div><\/div><\/div><div class=\"fusion-layout-column fusion_builder_column fusion-builder-column-1 fusion_builder_column_1_2 1_2 fusion-one-half fusion-column-last fusion-column-no-min-height\" style=\"--awb-padding-top:30px;--awb-padding-right:30px;--awb-padding-bottom:30px;--awb-padding-left:30px;--awb-bg-color:#666666;--awb-bg-color-hover:#666666;--awb-bg-size:cover;--awb-margin-top:15px;--awb-margin-bottom:0px;width:50%;width:calc(50% - ( ( 4% ) * 0.5 ) );\"><div class=\"fusion-column-wrapper fusion-flex-column-wrapper-legacy\"><div class=\"fusion-text fusion-text-1\"><h1 style=\"color: #ffffff;\">ATEQ BCA<\/h1>\n<p style=\"color: #ffffff;\"><b>CHARGEUR ANALYSEUR DE BATTERIE<br \/>\n<\/b><span style=\"font-family: var(--body_typography-font-family); font-size: var(--body_typography-font-size); font-style: var(--body_typography-font-style,normal); font-weight: var(--body_typography-font-weight); letter-spacing: var(--body_typography-letter-spacing);\">Con\u00e7u pour charger, d\u00e9charger et analyser tous les types de chimie. Il est log\u00e9 dans un bo\u00eetier m\u00e9tallique avec un \u00e9cran de contr\u00f4le tactile de 7 pouces. Tous les r\u00e9glages et donn\u00e9es peuvent \u00eatre saisis via l\u2019\u00e9cran tactile. Tous les r\u00e9glages et les donn\u00e9es peuvent \u00eatre saisis via l\u2019\u00e9cran tactile.<\/span><\/p>\n<\/div><div class=\"fusion-clearfix\"><\/div><\/div><\/div><\/div><\/div><div class=\"fusion-fullwidth fullwidth-box fusion-builder-row-2 nonhundred-percent-fullwidth non-hundred-percent-height-scrolling\" style=\"--awb-border-radius-top-left:0px;--awb-border-radius-top-right:0px;--awb-border-radius-bottom-right:0px;--awb-border-radius-bottom-left:0px;--awb-flex-wrap:wrap;\" ><div class=\"fusion-builder-row fusion-row\"><div class=\"fusion-layout-column fusion_builder_column fusion-builder-column-2 fusion_builder_column_1_1 1_1 fusion-one-full fusion-column-first fusion-column-last\" style=\"--awb-bg-size:cover;--awb-margin-bottom:0px;\"><div class=\"fusion-column-wrapper fusion-column-has-shadow fusion-flex-column-wrapper-legacy\"><div class=\"fusion-sep-clear\"><\/div><div class=\"fusion-separator fusion-clearfix title-separator\" style=\"float:left;width:100%;max-width:4%;\"><div class=\"fusion-separator-border sep-single sep-solid\" style=\"--awb-height:20px;--awb-amount:20px;--awb-sep-color:#d31e48;border-color:#d31e48;border-top-width:3px;\"><\/div><\/div><div class=\"fusion-sep-clear\"><\/div><div class=\"fusion-title title fusion-title-1 fusion-sep-none fusion-title-text fusion-title-size-one custom-title\" style=\"--awb-margin-top:20px;--awb-margin-bottom:20px;--awb-margin-top-small:0px;--awb-margin-right-small:0px;--awb-margin-bottom-small:20px;--awb-margin-left-small:0px;\"><h1 class=\"fusion-title-heading title-heading-left\" style=\"margin:0;\"><p><b>ATEQ BCA : <span style=\"color: #d31e48;\">CARACT\u00c9RISTIQUES<\/span><br \/>\n<\/b><\/p><\/h1><\/div><div class=\"fusion-clearfix\"><\/div><\/div><\/div><div class=\"fusion-layout-column fusion_builder_column fusion-builder-column-3 fusion_builder_column_1_1 1_1 fusion-one-full fusion-column-first fusion-column-last\" style=\"--awb-bg-size:cover;\"><div class=\"fusion-column-wrapper fusion-flex-column-wrapper-legacy\"><div class=\"fusion-text fusion-text-2\"><p><strong>\u2022<\/strong> 2 batteries en mode charge ou 1 batterie en mode d\u00e9charge compl\u00e8te<br \/>\n<strong>\u2022<\/strong> D\u00e9marrage du test imm\u00e9diat ou diff\u00e9r\u00e9<br \/>\n<strong>\u2022<\/strong> Mesure de temp\u00e9rature avec thermocouples de type K<br \/>\n<strong>\u2022<\/strong> Alarme pour le niveau d\u2019\u00e9lectrolyte<br \/>\n<strong>\u2022<\/strong> Arr\u00eat \u00e0 des tensions pr\u00e9d\u00e9finies Min, Max ou delta V<br \/>\n<strong>\u2022 <\/strong> Arr\u00eat en fonction du temps \u2013 Protection contre les d\u00e9fauts de temp\u00e9rature<br \/>\n<strong>\u2022<\/strong> Mise en place de plusieurs cycles et\/ou s\u00e9quences<br \/>\n<strong>\u2022<\/strong> Impression et archivage automatique des donn\u00e9es \u00e0 la fin du test<br \/>\n<strong>\u2022<\/strong> Protection des donn\u00e9es et sauvegarde et sauvegarde des r\u00e9sultats en cas de coupure de courant<br \/>\n<strong>\u2022<\/strong> Stockage des r\u00e9sultats de test et recherche selon des crit\u00e8res d\u00e9finis par l\u2019utilisateur<br \/>\n<strong>\u2022<\/strong> \u00c9cran couleur tactile de 7 pouces<br \/>\n<strong>\u2022<\/strong> Mesure de tension 24 cellules<br \/>\n<strong>\u2022<\/strong> Langues d\u2019interface : chinois, anglais, fran\u00e7ais, russe<br \/>\n<strong>\u2022<\/strong> Connexions ordinateur : port USB, RS485<br \/>\n<strong>\u2022<\/strong> Kit de protection par fusible<\/p>\n<\/div><div class=\"fusion-clearfix\"><\/div><\/div><\/div><\/div><\/div><div class=\"fusion-fullwidth fullwidth-box fusion-builder-row-3 nonhundred-percent-fullwidth non-hundred-percent-height-scrolling\" style=\"--awb-border-radius-top-left:0px;--awb-border-radius-top-right:0px;--awb-border-radius-bottom-right:0px;--awb-border-radius-bottom-left:0px;--awb-flex-wrap:wrap;\" ><div class=\"fusion-builder-row fusion-row\"><div class=\"fusion-layout-column fusion_builder_column fusion-builder-column-4 fusion_builder_column_1_1 1_1 fusion-one-full fusion-column-first fusion-column-last\" style=\"--awb-bg-size:cover;\"><div class=\"fusion-column-wrapper fusion-flex-column-wrapper-legacy\"><div class=\"fusion-text fusion-text-3\"><p><strong>Polyvalent<\/strong><br \/>\nLe nouvel analyseur de chargeur de batterie ATEQ peut charger 2 batteries en m\u00eame temps ou d\u00e9charger compl\u00e8tement 1 batterie. Vous pouvez mettre en place plusieurs cycles et s\u00e9quences de charge\/d\u00e9charge. Prend en charge tous les types de chimie de batterie, qu\u2019il s\u2019agisse de batteries Ni-cd, plomb-acide ou lithium. Charge \u00e0 courant constant I ou U. D\u00e9charge \u00e0 courant constant I ou U. Logiciel de gestion multicanal disponible pour surveiller les appareils connect\u00e9s en r\u00e9seau. Pour mieux r\u00e9pondre \u00e0 vos besoins le Nouvel ATEQ BCA se d\u00e9cline en 2 versions en BCA 75 Volts \/ 40 Amp\u00e8res ou BCA 48 Volts \/ 60 Amp\u00e8res.<\/p>\n<p><strong>Pr\u00e9cis et fiable<\/strong><br \/>\nVous pouvez mesurer jusqu\u2019\u00e0 24 cellules de batterie individuelles. Vous pouvez \u00e9galement v\u00e9rifier la temp\u00e9rature gr\u00e2ce au capteur thermocouple K.<\/p>\n<p><strong>S\u00e9curit\u00e9 et confort<\/strong><br \/>\nProgression et r\u00e9sultats de tous les cycles affich\u00e9s en permanence sur le grand \u00e9cran tactile couleur 7 pouces. D\u00e9marrage du test imm\u00e9diat ou diff\u00e9r\u00e9. Une alarme sonore peut \u00eatre r\u00e9gl\u00e9e pour le niveau d\u2019\u00e9lectrolyte. Contr\u00f4lez plusieurs unit\u00e9s gr\u00e2ce au port RS485.<\/p>\n<p><strong>Tra\u00e7abilit\u00e9 et pr\u00e9visibilit\u00e9<\/strong><br \/>\nVous pouvez d\u00e9finir le stockage et la recherche des r\u00e9sultats de test pour garder une trace de vos donn\u00e9es de maintenance. Vous pouvez ensuite surveiller la dur\u00e9e de vie de votre batterie \u00e0 long terme. Il est \u00e9galement plus facile de planifier, d\u2019effectuer et de suivre la maintenance pr\u00e9dictive de votre \u00e9quipement d\u2019assistance au sol.equipment.<\/p>\n<p><strong>Rentable<\/strong><br \/>\nParce que vous pouvez effectuer des tests sur plusieurs batteries \u00e0 la fois, la productivit\u00e9 de vos ressources de maintenance est optimis\u00e9e et vous gardez le contr\u00f4le des heures de travail \u00e0 chaque \u00e9tape.<\/p>\n<\/div><div class=\"fusion-clearfix\"><\/div><\/div><\/div><div class=\"fusion-layout-column fusion_builder_column fusion-builder-column-5 fusion_builder_column_1_2 1_2 fusion-one-half fusion-column-first\" style=\"--awb-bg-size:cover;--awb-margin-bottom:5%;width:50%;width:calc(50% - ( ( 4% ) * 0.5 ) );margin-right: 4%;\"><div class=\"fusion-column-wrapper fusion-column-has-shadow fusion-flex-column-wrapper-legacy\"><div class=\"fusion-image-element fusion-image-align-center in-legacy-container\" style=\"text-align:center;--awb-margin-bottom:20px;--awb-max-width:400px;--awb-caption-title-font-family:var(--h2_typography-font-family);--awb-caption-title-font-weight:var(--h2_typography-font-weight);--awb-caption-title-font-style:var(--h2_typography-font-style);--awb-caption-title-size:var(--h2_typography-font-size);--awb-caption-title-transform:var(--h2_typography-text-transform);--awb-caption-title-line-height:var(--h2_typography-line-height);--awb-caption-title-letter-spacing:var(--h2_typography-letter-spacing);\"><div class=\"imageframe-align-center\"><span class=\" fusion-imageframe imageframe-none imageframe-2 hover-type-none\"><img decoding=\"async\" width=\"850\" height=\"567\" title=\"Battery-charger-analyser-BCA\" src=\"https:\/\/ateq-emobility.com\/wp-content\/uploads\/2022\/11\/Battery-charger-analyser-BCA.jpg\" alt class=\"img-responsive wp-image-2968\" srcset=\"https:\/\/ateq-emobility.com\/wp-content\/uploads\/2022\/11\/Battery-charger-analyser-BCA-200x133.jpg 200w, https:\/\/ateq-emobility.com\/wp-content\/uploads\/2022\/11\/Battery-charger-analyser-BCA-400x267.jpg 400w, https:\/\/ateq-emobility.com\/wp-content\/uploads\/2022\/11\/Battery-charger-analyser-BCA-600x400.jpg 600w, https:\/\/ateq-emobility.com\/wp-content\/uploads\/2022\/11\/Battery-charger-analyser-BCA-800x534.jpg 800w, https:\/\/ateq-emobility.com\/wp-content\/uploads\/2022\/11\/Battery-charger-analyser-BCA.jpg 850w\" sizes=\"(max-width: 800px) 100vw, 600px\" \/><\/span><\/div><\/div><div class=\"fusion-image-element fusion-image-align-center in-legacy-container\" style=\"text-align:center;--awb-margin-bottom:20px;--awb-max-width:400px;--awb-caption-title-font-family:var(--h2_typography-font-family);--awb-caption-title-font-weight:var(--h2_typography-font-weight);--awb-caption-title-font-style:var(--h2_typography-font-style);--awb-caption-title-size:var(--h2_typography-font-size);--awb-caption-title-transform:var(--h2_typography-text-transform);--awb-caption-title-line-height:var(--h2_typography-line-height);--awb-caption-title-letter-spacing:var(--h2_typography-letter-spacing);\"><div class=\"imageframe-align-center\"><span class=\" fusion-imageframe imageframe-none imageframe-3 hover-type-none\"><img decoding=\"async\" width=\"850\" height=\"567\" title=\"battery-charger-analyser-ATEQ_BCA\" src=\"https:\/\/ateq-emobility.com\/wp-content\/uploads\/2022\/11\/battery-charger-analyser-ATEQ_BCA.jpg\" alt class=\"img-responsive wp-image-2971\" srcset=\"https:\/\/ateq-emobility.com\/wp-content\/uploads\/2022\/11\/battery-charger-analyser-ATEQ_BCA-200x133.jpg 200w, https:\/\/ateq-emobility.com\/wp-content\/uploads\/2022\/11\/battery-charger-analyser-ATEQ_BCA-400x267.jpg 400w, https:\/\/ateq-emobility.com\/wp-content\/uploads\/2022\/11\/battery-charger-analyser-ATEQ_BCA-600x400.jpg 600w, https:\/\/ateq-emobility.com\/wp-content\/uploads\/2022\/11\/battery-charger-analyser-ATEQ_BCA-800x534.jpg 800w, https:\/\/ateq-emobility.com\/wp-content\/uploads\/2022\/11\/battery-charger-analyser-ATEQ_BCA.jpg 850w\" sizes=\"(max-width: 800px) 100vw, 600px\" \/><\/span><\/div><\/div><div class=\"fusion-clearfix\"><\/div><\/div><\/div><div class=\"fusion-layout-column fusion_builder_column fusion-builder-column-6 fusion_builder_column_1_2 1_2 fusion-one-half fusion-column-last\" style=\"--awb-bg-size:cover;--awb-margin-bottom:5%;width:50%;width:calc(50% - ( ( 4% ) * 0.5 ) );\"><div class=\"fusion-column-wrapper fusion-column-has-shadow fusion-flex-column-wrapper-legacy\"><div class=\"fusion-image-element fusion-image-align-center in-legacy-container\" style=\"text-align:center;--awb-margin-bottom:20px;--awb-max-width:400px;--awb-caption-title-font-family:var(--h2_typography-font-family);--awb-caption-title-font-weight:var(--h2_typography-font-weight);--awb-caption-title-font-style:var(--h2_typography-font-style);--awb-caption-title-size:var(--h2_typography-font-size);--awb-caption-title-transform:var(--h2_typography-text-transform);--awb-caption-title-line-height:var(--h2_typography-line-height);--awb-caption-title-letter-spacing:var(--h2_typography-letter-spacing);\"><div class=\"imageframe-align-center\"><span class=\" fusion-imageframe imageframe-none imageframe-4 hover-type-none\"><img decoding=\"async\" width=\"850\" height=\"567\" title=\"BCA-ateq-charger-battery\" src=\"https:\/\/ateq-emobility.com\/wp-content\/uploads\/2022\/11\/BCA-ateq-charger-battery.jpg\" alt class=\"img-responsive wp-image-2962\" srcset=\"https:\/\/ateq-emobility.com\/wp-content\/uploads\/2022\/11\/BCA-ateq-charger-battery-200x133.jpg 200w, https:\/\/ateq-emobility.com\/wp-content\/uploads\/2022\/11\/BCA-ateq-charger-battery-400x267.jpg 400w, https:\/\/ateq-emobility.com\/wp-content\/uploads\/2022\/11\/BCA-ateq-charger-battery-600x400.jpg 600w, https:\/\/ateq-emobility.com\/wp-content\/uploads\/2022\/11\/BCA-ateq-charger-battery-800x534.jpg 800w, https:\/\/ateq-emobility.com\/wp-content\/uploads\/2022\/11\/BCA-ateq-charger-battery.jpg 850w\" sizes=\"(max-width: 800px) 100vw, 600px\" \/><\/span><\/div><\/div><div class=\"fusion-image-element fusion-image-align-center in-legacy-container\" style=\"text-align:center;--awb-margin-bottom:20px;--awb-max-width:400px;--awb-caption-title-font-family:var(--h2_typography-font-family);--awb-caption-title-font-weight:var(--h2_typography-font-weight);--awb-caption-title-font-style:var(--h2_typography-font-style);--awb-caption-title-size:var(--h2_typography-font-size);--awb-caption-title-transform:var(--h2_typography-text-transform);--awb-caption-title-line-height:var(--h2_typography-line-height);--awb-caption-title-letter-spacing:var(--h2_typography-letter-spacing);\"><div class=\"imageframe-align-center\"><span class=\" fusion-imageframe imageframe-none imageframe-5 hover-type-none\"><img decoding=\"async\" width=\"850\" height=\"567\" title=\"battery-charger-analyser-ATEQ1\" src=\"https:\/\/ateq-emobility.com\/wp-content\/uploads\/2022\/11\/battery-charger-analyser-ATEQ1.jpg\" alt class=\"img-responsive wp-image-2965\" srcset=\"https:\/\/ateq-emobility.com\/wp-content\/uploads\/2022\/11\/battery-charger-analyser-ATEQ1-200x133.jpg 200w, https:\/\/ateq-emobility.com\/wp-content\/uploads\/2022\/11\/battery-charger-analyser-ATEQ1-400x267.jpg 400w, https:\/\/ateq-emobility.com\/wp-content\/uploads\/2022\/11\/battery-charger-analyser-ATEQ1-600x400.jpg 600w, https:\/\/ateq-emobility.com\/wp-content\/uploads\/2022\/11\/battery-charger-analyser-ATEQ1-800x534.jpg 800w, https:\/\/ateq-emobility.com\/wp-content\/uploads\/2022\/11\/battery-charger-analyser-ATEQ1.jpg 850w\" sizes=\"(max-width: 800px) 100vw, 600px\" \/><\/span><\/div><\/div><div class=\"fusion-clearfix\"><\/div><\/div><\/div><\/div><\/div><div class=\"fusion-fullwidth fullwidth-box fusion-builder-row-4 nonhundred-percent-fullwidth non-hundred-percent-height-scrolling\" style=\"--awb-border-radius-top-left:0px;--awb-border-radius-top-right:0px;--awb-border-radius-bottom-right:0px;--awb-border-radius-bottom-left:0px;--awb-flex-wrap:wrap;\" ><div class=\"fusion-builder-row fusion-row\"><div class=\"fusion-layout-column fusion_builder_column fusion-builder-column-7 fusion_builder_column_1_1 1_1 fusion-one-full fusion-column-first fusion-column-last\" style=\"--awb-bg-size:cover;\"><div class=\"fusion-column-wrapper fusion-flex-column-wrapper-legacy\"><div class=\"fusion-sep-clear\"><\/div><div class=\"fusion-separator fusion-clearfix title-separator\" style=\"float:left;width:100%;max-width:4%;\"><div class=\"fusion-separator-border sep-single sep-solid\" style=\"--awb-height:20px;--awb-amount:20px;--awb-sep-color:#d31e48;border-color:#d31e48;border-top-width:3px;\"><\/div><\/div><div class=\"fusion-sep-clear\"><\/div><div class=\"fusion-title title fusion-title-2 fusion-sep-none fusion-title-text fusion-title-size-one custom-title\" style=\"--awb-margin-bottom:0px;--awb-margin-top-small:0px;--awb-margin-right-small:0px;--awb-margin-bottom-small:20px;--awb-margin-left-small:0px;\"><h1 class=\"fusion-title-heading title-heading-left\" style=\"margin:0;\"><b>ATEQ BCA : <span style=\"color: #d31e48;\">BROCHURE<\/span><\/b><\/h1><\/div><div class=\"fusion-clearfix\"><\/div><\/div><\/div><div class=\"fusion-layout-column fusion_builder_column fusion-builder-column-8 fusion_builder_column_1_1 1_1 fusion-one-full fusion-column-first fusion-column-last\" style=\"--awb-padding-top:25px;--awb-padding-right:25px;--awb-padding-bottom:0px;--awb-padding-left:25px;--awb-bg-color:#eeeeee;--awb-bg-color-hover:#eeeeee;--awb-bg-size:cover;--awb-margin-bottom:0px;\"><div class=\"fusion-column-wrapper fusion-column-has-shadow fusion-flex-column-wrapper-legacy\"><div class=\"fusion-text fusion-text-4\"><p>Informations d\u00e9taill\u00e9es sur l\u2019ATEQ BCA y compris les caract\u00e9ristiques, les sp\u00e9cifications, etc.<\/p>\n<\/div><div class=\"fusion-content-boxes content-boxes columns row fusion-columns-1 fusion-columns-total-1 fusion-content-boxes-1 content-boxes-icon-with-title content-left\" style=\"--awb-margin-top:0px;--awb-margin-bottom:0px;--awb-hover-accent-color:#a0ce4e;--awb-circle-hover-accent-color:#a0ce4e;--awb-item-margin-bottom:40px;\" data-animationOffset=\"top-into-view\"><div style=\"--awb-backgroundcolor:rgba(255,255,255,0);\" class=\"fusion-column content-box-column content-box-column content-box-column-1 col-lg-12 col-md-12 col-sm-12 fusion-content-box-hover content-box-column-last content-box-column-last-in-row\"><div class=\"col content-box-wrapper content-wrapper link-area-box icon-hover-animation-fade\" data-animationOffset=\"top-into-view\"><div class=\"fusion-clearfix\"><\/div><div class=\"content-container\">\n<p><img decoding=\"async\" src=\"\/wp-content\/uploads\/2021\/04\/US.png\" alt=\"\" width=\"25\" height=\"25\" \/> <a href=\"https:\/\/ateq-emobility.com\/wp-content\/uploads\/2023\/04\/ATEQ_BCA-Factsheet-EN-V7.pdf\" target=\"_blank\" rel=\"noopener\"><strong>BCA Brochure &#8211; English<\/strong> <i class=\"fb-icon-element-1 fb-icon-element fontawesome-icon fa-download fas circle-yes fusion-text-flow\" style=\"--awb-circlebordersize:1px;--awb-font-size:14.08px;--awb-width:28.16px;--awb-height:28.16px;--awb-line-height:26.16px;--awb-margin-left:5px;\"><\/i><\/a><\/p>\n<p><a href=\"https:\/\/ateq-emobility.com\/wp-content\/uploads\/2023\/04\/ATEQ_BCA-Factsheet-DE-V7.pdf\" target=\"_blank\" rel=\"noopener\"><strong>BCA Brochure &#8211; DE<\/strong> <i class=\"fb-icon-element-2 fb-icon-element fontawesome-icon fa-download fas circle-yes fusion-text-flow\" style=\"--awb-circlebordersize:1px;--awb-font-size:14.08px;--awb-width:28.16px;--awb-height:28.16px;--awb-line-height:26.16px;--awb-margin-left:5px;\"><\/i><\/a><\/p>\n<p><a href=\"https:\/\/ateq-emobility.com\/wp-content\/uploads\/2023\/04\/ATEQ_BCA-Factsheet_FR_V7.pdf\" target=\"_blank\" rel=\"noopener\"><strong>BCA Brochure &#8211; FR<\/strong><i class=\"fb-icon-element-3 fb-icon-element fontawesome-icon fa-download fas circle-yes fusion-text-flow\" style=\"--awb-circlebordersize:1px;--awb-font-size:14.08px;--awb-width:28.16px;--awb-height:28.16px;--awb-line-height:26.16px;--awb-margin-left:5px;\"><\/i><\/a><\/p>\n<p><a href=\"https:\/\/ateq-emobility.com\/wp-content\/uploads\/2023\/04\/ATEQ_BCA-Factsheet-PL-V7.pdf\" target=\"_blank\" rel=\"noopener\"><strong>BCA Brochure &#8211; PL<\/strong><i class=\"fb-icon-element-4 fb-icon-element fontawesome-icon fa-download fas circle-yes fusion-text-flow\" style=\"--awb-circlebordersize:1px;--awb-font-size:14.08px;--awb-width:28.16px;--awb-height:28.16px;--awb-line-height:26.16px;--awb-margin-left:5px;\"><\/i><\/a><\/p>\n<p><a href=\"https:\/\/ateq-emobility.com\/wp-content\/uploads\/2023\/04\/ATEQ_BCA-Factsheet-PT-V6.pdf\" target=\"_blank\" rel=\"noopener\"><strong>BCA Brochure &#8211; PT<\/strong><i class=\"fb-icon-element-5 fb-icon-element fontawesome-icon fa-download fas circle-yes fusion-text-flow\" style=\"--awb-circlebordersize:1px;--awb-font-size:14.08px;--awb-width:28.16px;--awb-height:28.16px;--awb-line-height:26.16px;--awb-margin-left:5px;\"><\/i><\/a><\/p>\n<\/div><\/div><\/div><div class=\"fusion-clearfix\"><\/div><\/div><div class=\"fusion-clearfix\"><\/div><\/div><\/div><\/div><\/div><\/p>\n","protected":false},"excerpt":{"rendered":"","protected":false},"author":1,"featured_media":4218,"parent":0,"menu_order":0,"comment_status":"closed","ping_status":"closed","template":"","meta":{"content-type":"","footnotes":""},"class_list":["post-3730","page","type-page","status-publish","has-post-thumbnail","hentry"],"_links":{"self":[{"href":"https:\/\/ateq-emobility.com\/fr\/wp-json\/wp\/v2\/pages\/3730","targetHints":{"allow":["GET"]}}],"collection":[{"href":"https:\/\/ateq-emobility.com\/fr\/wp-json\/wp\/v2\/pages"}],"about":[{"href":"https:\/\/ateq-emobility.com\/fr\/wp-json\/wp\/v2\/types\/page"}],"author":[{"embeddable":true,"href":"https:\/\/ateq-emobility.com\/fr\/wp-json\/wp\/v2\/users\/1"}],"replies":[{"embeddable":true,"href":"https:\/\/ateq-emobility.com\/fr\/wp-json\/wp\/v2\/comments?post=3730"}],"version-history":[{"count":7,"href":"https:\/\/ateq-emobility.com\/fr\/wp-json\/wp\/v2\/pages\/3730\/revisions"}],"predecessor-version":[{"id":4227,"href":"https:\/\/ateq-emobility.com\/fr\/wp-json\/wp\/v2\/pages\/3730\/revisions\/4227"}],"wp:featuredmedia":[{"embeddable":true,"href":"https:\/\/ateq-emobility.com\/fr\/wp-json\/wp\/v2\/media\/4218"}],"wp:attachment":[{"href":"https:\/\/ateq-emobility.com\/fr\/wp-json\/wp\/v2\/media?parent=3730"}],"curies":[{"name":"wp","href":"https:\/\/api.w.org\/{rel}","templated":true}]}}